{"id":1787,"date":"2021-03-26T15:51:12","date_gmt":"2021-03-26T14:51:12","guid":{"rendered":"https:\/\/shopium.eu\/cz\/?post_type=product&#038;p=1787"},"modified":"2021-03-28T18:27:35","modified_gmt":"2021-03-28T16:27:35","slug":"univerzalni-prodluzovaci-nastavec-pro-klice-ironwrench","status":"publish","type":"product","link":"https:\/\/cartium.eu\/cz\/produkt\/univerzalni-prodluzovaci-nastavec-pro-klice-ironwrench\/","title":{"rendered":"Univerz\u00e1ln\u00ed prodlu\u017eovac\u00ed n\u00e1stavec pro kl\u00ed\u010de \u2013 IronWrench"},"content":{"rendered":"","protected":false},"excerpt":{"rendered":"<p><span style=\"font-weight: 400;\">IronWrench je nov\u00e1 generace n\u00e1stavc\u016f pro v\u0161echny kl\u00ed\u010de a vrt\u00e1ky o pr\u016fm\u011bru 0.3-9 mm, se kter\u00fdmi se dostanete na t\u011b\u017eko dostupn\u00e1 m\u00edsta va\u0161eho automobilu, domu a usnadn\u00edte si ka\u017edodenn\u00ed opravy.<\/span><\/p>\n","protected":false},"featured_media":1798,"comment_status":"closed","ping_status":"closed","template":"","meta":{"inline_featured_image":false},"product_brand":[],"product_cat":[15],"product_tag":[],"class_list":{"0":"post-1787","1":"product","2":"type-product","3":"status-publish","4":"has-post-thumbnail","6":"product_cat-uncategorized","8":"first","9":"instock","10":"sale","11":"taxable","12":"shipping-taxable","13":"purchasable","14":"product-type-simple"},"acf":[],"_links":{"self":[{"href":"https:\/\/cartium.eu\/cz\/wp-json\/wp\/v2\/product\/1787","targetHints":{"allow":["GET"]}}],"collection":[{"href":"https:\/\/cartium.eu\/cz\/wp-json\/wp\/v2\/product"}],"about":[{"href":"https:\/\/cartium.eu\/cz\/wp-json\/wp\/v2\/types\/product"}],"replies":[{"embeddable":true,"href":"https:\/\/cartium.eu\/cz\/wp-json\/wp\/v2\/comments?post=1787"}],"wp:featuredmedia":[{"embeddable":true,"href":"https:\/\/cartium.eu\/cz\/wp-json\/wp\/v2\/media\/1798"}],"wp:attachment":[{"href":"https:\/\/cartium.eu\/cz\/wp-json\/wp\/v2\/media?parent=1787"}],"wp:term":[{"taxonomy":"product_brand","embeddable":true,"href":"https:\/\/cartium.eu\/cz\/wp-json\/wp\/v2\/product_brand?post=1787"},{"taxonomy":"product_cat","embeddable":true,"href":"https:\/\/cartium.eu\/cz\/wp-json\/wp\/v2\/product_cat?post=1787"},{"taxonomy":"product_tag","embeddable":true,"href":"https:\/\/cartium.eu\/cz\/wp-json\/wp\/v2\/product_tag?post=1787"}],"curies":[{"name":"wp","href":"https:\/\/api.w.org\/{rel}","templated":true}]}}