{"id":1811,"date":"2021-03-26T15:57:54","date_gmt":"2021-03-26T14:57:54","guid":{"rendered":"https:\/\/shopium.eu\/cz\/?post_type=product&#038;p=1811"},"modified":"2021-04-15T16:04:48","modified_gmt":"2021-04-15T14:04:48","slug":"uhlovy-nastavec-pro-vrtacky-bitangle","status":"publish","type":"product","link":"https:\/\/cartium.eu\/cz\/produkt\/uhlovy-nastavec-pro-vrtacky-bitangle\/","title":{"rendered":"\u00dahlov\u00fd n\u00e1stavec pro vrta\u010dky \u2013 BitAngle"},"content":{"rendered":"","protected":false},"excerpt":{"rendered":"<p><span style=\"font-weight: 400\">Usnadn\u00edte si pr\u00e1ci s\u00a0t\u011bmito super nastaviteln\u00fdmi n\u00e1stavci pro vrta\u010dky.<\/span><\/p>\n","protected":false},"featured_media":1797,"comment_status":"closed","ping_status":"closed","template":"","meta":{"inline_featured_image":false},"product_brand":[],"product_cat":[15],"product_tag":[],"class_list":{"0":"post-1811","1":"product","2":"type-product","3":"status-publish","4":"has-post-thumbnail","6":"product_cat-uncategorized","8":"first","9":"instock","10":"sale","11":"taxable","12":"shipping-taxable","13":"purchasable","14":"product-type-simple"},"acf":[],"_links":{"self":[{"href":"https:\/\/cartium.eu\/cz\/wp-json\/wp\/v2\/product\/1811","targetHints":{"allow":["GET"]}}],"collection":[{"href":"https:\/\/cartium.eu\/cz\/wp-json\/wp\/v2\/product"}],"about":[{"href":"https:\/\/cartium.eu\/cz\/wp-json\/wp\/v2\/types\/product"}],"replies":[{"embeddable":true,"href":"https:\/\/cartium.eu\/cz\/wp-json\/wp\/v2\/comments?post=1811"}],"wp:featuredmedia":[{"embeddable":true,"href":"https:\/\/cartium.eu\/cz\/wp-json\/wp\/v2\/media\/1797"}],"wp:attachment":[{"href":"https:\/\/cartium.eu\/cz\/wp-json\/wp\/v2\/media?parent=1811"}],"wp:term":[{"taxonomy":"product_brand","embeddable":true,"href":"https:\/\/cartium.eu\/cz\/wp-json\/wp\/v2\/product_brand?post=1811"},{"taxonomy":"product_cat","embeddable":true,"href":"https:\/\/cartium.eu\/cz\/wp-json\/wp\/v2\/product_cat?post=1811"},{"taxonomy":"product_tag","embeddable":true,"href":"https:\/\/cartium.eu\/cz\/wp-json\/wp\/v2\/product_tag?post=1811"}],"curies":[{"name":"wp","href":"https:\/\/api.w.org\/{rel}","templated":true}]}}