{"id":18201,"date":"2023-12-07T09:29:03","date_gmt":"2023-12-07T08:29:03","guid":{"rendered":"https:\/\/cartium.eu\/cz\/?post_type=product&#038;p=18201"},"modified":"2023-12-07T13:41:42","modified_gmt":"2023-12-07T12:41:42","slug":"nano-sprej-proti-poskrabani-nanocoatingagent","status":"publish","type":"product","link":"https:\/\/cartium.eu\/cz\/produkt\/nano-sprej-proti-poskrabani-nanocoatingagent\/","title":{"rendered":"Nano sprej proti po\u0161kr\u00e1b\u00e1n\u00ed \u2013 NanoCoatingAgent"},"content":{"rendered":"","protected":false},"excerpt":{"rendered":"<p>Univerz\u00e1ln\u00ed a efektivn\u00ed hydrofobn\u00ed povrchov\u00e1 n\u00e1t\u011br pro odstran\u011bn\u00ed \u0161kr\u00e1banc\u016f na va\u0161em aut\u011b v\u00e1m umo\u017en\u00ed absolutn\u011b praktick\u00e9 a snadn\u00e9 odstran\u011bn\u00ed, ani\u017e byste museli chodit do autolakovny nebo karos\u00e1rny, s maxim\u00e1ln\u00edm efektem lesku a trvanlivosti.<\/p>\n","protected":false},"featured_media":18208,"comment_status":"closed","ping_status":"closed","template":"","meta":{"inline_featured_image":false},"product_brand":[],"product_cat":[15,25],"product_tag":[],"class_list":{"0":"post-18201","1":"product","2":"type-product","3":"status-publish","4":"has-post-thumbnail","6":"product_cat-uncategorized","7":"product_cat-car","9":"first","10":"instock","11":"sale","12":"taxable","13":"shipping-taxable","14":"purchasable","15":"product-type-simple"},"acf":[],"_links":{"self":[{"href":"https:\/\/cartium.eu\/cz\/wp-json\/wp\/v2\/product\/18201","targetHints":{"allow":["GET"]}}],"collection":[{"href":"https:\/\/cartium.eu\/cz\/wp-json\/wp\/v2\/product"}],"about":[{"href":"https:\/\/cartium.eu\/cz\/wp-json\/wp\/v2\/types\/product"}],"replies":[{"embeddable":true,"href":"https:\/\/cartium.eu\/cz\/wp-json\/wp\/v2\/comments?post=18201"}],"wp:featuredmedia":[{"embeddable":true,"href":"https:\/\/cartium.eu\/cz\/wp-json\/wp\/v2\/media\/18208"}],"wp:attachment":[{"href":"https:\/\/cartium.eu\/cz\/wp-json\/wp\/v2\/media?parent=18201"}],"wp:term":[{"taxonomy":"product_brand","embeddable":true,"href":"https:\/\/cartium.eu\/cz\/wp-json\/wp\/v2\/product_brand?post=18201"},{"taxonomy":"product_cat","embeddable":true,"href":"https:\/\/cartium.eu\/cz\/wp-json\/wp\/v2\/product_cat?post=18201"},{"taxonomy":"product_tag","embeddable":true,"href":"https:\/\/cartium.eu\/cz\/wp-json\/wp\/v2\/product_tag?post=18201"}],"curies":[{"name":"wp","href":"https:\/\/api.w.org\/{rel}","templated":true}]}}