{"id":19166,"date":"2024-02-12T08:42:43","date_gmt":"2024-02-12T07:42:43","guid":{"rendered":"https:\/\/cartium.eu\/cz\/?post_type=product&#038;p=19166"},"modified":"2024-02-13T11:35:47","modified_gmt":"2024-02-13T10:35:47","slug":"magneticka-kniha-pro-aranzovani-panenek","status":"publish","type":"product","link":"https:\/\/cartium.eu\/cz\/produkt\/magneticka-kniha-pro-aranzovani-panenek\/","title":{"rendered":"Magnetick\u00e1 kniha pro aran\u017eov\u00e1n\u00ed panenek"},"content":{"rendered":"","protected":false},"excerpt":{"rendered":"<p>Ide\u00e1ln\u00ed d\u00e1rek pro d\u00edvky! Skl\u00e1d\u00e1n\u00ed oble\u010den\u00ed a m\u00f3dn\u00edch kombinac\u00ed nebylo nikdy jednodu\u0161\u0161\u00ed a z\u00e1bavn\u011bj\u0161\u00ed!<\/p>\n","protected":false},"featured_media":19167,"comment_status":"closed","ping_status":"closed","template":"","meta":{"inline_featured_image":false},"product_brand":[],"product_cat":[15],"product_tag":[],"class_list":{"0":"post-19166","1":"product","2":"type-product","3":"status-publish","4":"has-post-thumbnail","6":"product_cat-uncategorized","8":"first","9":"instock","10":"sale","11":"taxable","12":"shipping-taxable","13":"purchasable","14":"product-type-simple"},"acf":[],"_links":{"self":[{"href":"https:\/\/cartium.eu\/cz\/wp-json\/wp\/v2\/product\/19166","targetHints":{"allow":["GET"]}}],"collection":[{"href":"https:\/\/cartium.eu\/cz\/wp-json\/wp\/v2\/product"}],"about":[{"href":"https:\/\/cartium.eu\/cz\/wp-json\/wp\/v2\/types\/product"}],"replies":[{"embeddable":true,"href":"https:\/\/cartium.eu\/cz\/wp-json\/wp\/v2\/comments?post=19166"}],"wp:featuredmedia":[{"embeddable":true,"href":"https:\/\/cartium.eu\/cz\/wp-json\/wp\/v2\/media\/19167"}],"wp:attachment":[{"href":"https:\/\/cartium.eu\/cz\/wp-json\/wp\/v2\/media?parent=19166"}],"wp:term":[{"taxonomy":"product_brand","embeddable":true,"href":"https:\/\/cartium.eu\/cz\/wp-json\/wp\/v2\/product_brand?post=19166"},{"taxonomy":"product_cat","embeddable":true,"href":"https:\/\/cartium.eu\/cz\/wp-json\/wp\/v2\/product_cat?post=19166"},{"taxonomy":"product_tag","embeddable":true,"href":"https:\/\/cartium.eu\/cz\/wp-json\/wp\/v2\/product_tag?post=19166"}],"curies":[{"name":"wp","href":"https:\/\/api.w.org\/{rel}","templated":true}]}}