{"id":19171,"date":"2024-02-12T09:08:56","date_gmt":"2024-02-12T08:08:56","guid":{"rendered":"https:\/\/cartium.eu\/cz\/?post_type=product&#038;p=19171"},"modified":"2024-02-13T11:36:22","modified_gmt":"2024-02-13T10:36:22","slug":"kulma-pro-vytvareni-vln","status":"publish","type":"product","link":"https:\/\/cartium.eu\/cz\/produkt\/kulma-pro-vytvareni-vln\/","title":{"rendered":"Kulma pro vytv\u00e1\u0159en\u00ed vln"},"content":{"rendered":"","protected":false},"excerpt":{"rendered":"<p>Upravte si vlasy pomoc\u00ed t\u00e9to \u0161ikovn\u00e9 kulmy a vytvo\u0159te kr\u00e1sn\u00e9 vlny n\u011bkolika jednoduch\u00fdmi tahy!<\/p>\n","protected":false},"featured_media":19178,"comment_status":"closed","ping_status":"closed","template":"","meta":{"inline_featured_image":false},"product_brand":[],"product_cat":[15],"product_tag":[],"class_list":{"0":"post-19171","1":"product","2":"type-product","3":"status-publish","4":"has-post-thumbnail","6":"product_cat-uncategorized","8":"first","9":"instock","10":"sale","11":"taxable","12":"shipping-taxable","13":"purchasable","14":"product-type-simple"},"acf":[],"_links":{"self":[{"href":"https:\/\/cartium.eu\/cz\/wp-json\/wp\/v2\/product\/19171","targetHints":{"allow":["GET"]}}],"collection":[{"href":"https:\/\/cartium.eu\/cz\/wp-json\/wp\/v2\/product"}],"about":[{"href":"https:\/\/cartium.eu\/cz\/wp-json\/wp\/v2\/types\/product"}],"replies":[{"embeddable":true,"href":"https:\/\/cartium.eu\/cz\/wp-json\/wp\/v2\/comments?post=19171"}],"wp:featuredmedia":[{"embeddable":true,"href":"https:\/\/cartium.eu\/cz\/wp-json\/wp\/v2\/media\/19178"}],"wp:attachment":[{"href":"https:\/\/cartium.eu\/cz\/wp-json\/wp\/v2\/media?parent=19171"}],"wp:term":[{"taxonomy":"product_brand","embeddable":true,"href":"https:\/\/cartium.eu\/cz\/wp-json\/wp\/v2\/product_brand?post=19171"},{"taxonomy":"product_cat","embeddable":true,"href":"https:\/\/cartium.eu\/cz\/wp-json\/wp\/v2\/product_cat?post=19171"},{"taxonomy":"product_tag","embeddable":true,"href":"https:\/\/cartium.eu\/cz\/wp-json\/wp\/v2\/product_tag?post=19171"}],"curies":[{"name":"wp","href":"https:\/\/api.w.org\/{rel}","templated":true}]}}