{"id":19224,"date":"2024-02-14T14:57:53","date_gmt":"2024-02-14T13:57:53","guid":{"rendered":"https:\/\/cartium.eu\/cz\/?post_type=product&#038;p=19224"},"modified":"2024-02-15T10:42:14","modified_gmt":"2024-02-15T09:42:14","slug":"dlouhy-klic-s-nastavitelnou-hlavou","status":"publish","type":"product","link":"https:\/\/cartium.eu\/cz\/produkt\/dlouhy-klic-s-nastavitelnou-hlavou\/","title":{"rendered":"Dlouh\u00fd kl\u00ed\u010d s nastavitelnou hlavou"},"content":{"rendered":"","protected":false},"excerpt":{"rendered":"<p>Tento kl\u00ed\u010d je dod\u00e1v\u00e1n s 15 d\u00edly, co\u017e z n\u011bj \u010din\u00ed extr\u00e9mn\u011b v\u00fdkonn\u00fd a u\u017eite\u010dn\u00fd n\u00e1stroj pro mnoho \u00fa\u010del\u016f!<\/p>\n","protected":false},"featured_media":19232,"comment_status":"closed","ping_status":"closed","template":"","meta":{"inline_featured_image":false},"product_brand":[],"product_cat":[15],"product_tag":[],"class_list":{"0":"post-19224","1":"product","2":"type-product","3":"status-publish","4":"has-post-thumbnail","6":"product_cat-uncategorized","8":"first","9":"instock","10":"sale","11":"taxable","12":"shipping-taxable","13":"purchasable","14":"product-type-simple"},"acf":[],"_links":{"self":[{"href":"https:\/\/cartium.eu\/cz\/wp-json\/wp\/v2\/product\/19224","targetHints":{"allow":["GET"]}}],"collection":[{"href":"https:\/\/cartium.eu\/cz\/wp-json\/wp\/v2\/product"}],"about":[{"href":"https:\/\/cartium.eu\/cz\/wp-json\/wp\/v2\/types\/product"}],"replies":[{"embeddable":true,"href":"https:\/\/cartium.eu\/cz\/wp-json\/wp\/v2\/comments?post=19224"}],"wp:featuredmedia":[{"embeddable":true,"href":"https:\/\/cartium.eu\/cz\/wp-json\/wp\/v2\/media\/19232"}],"wp:attachment":[{"href":"https:\/\/cartium.eu\/cz\/wp-json\/wp\/v2\/media?parent=19224"}],"wp:term":[{"taxonomy":"product_brand","embeddable":true,"href":"https:\/\/cartium.eu\/cz\/wp-json\/wp\/v2\/product_brand?post=19224"},{"taxonomy":"product_cat","embeddable":true,"href":"https:\/\/cartium.eu\/cz\/wp-json\/wp\/v2\/product_cat?post=19224"},{"taxonomy":"product_tag","embeddable":true,"href":"https:\/\/cartium.eu\/cz\/wp-json\/wp\/v2\/product_tag?post=19224"}],"curies":[{"name":"wp","href":"https:\/\/api.w.org\/{rel}","templated":true}]}}