{"id":19247,"date":"2024-02-15T10:51:03","date_gmt":"2024-02-15T09:51:03","guid":{"rendered":"https:\/\/cartium.eu\/cz\/?post_type=product&#038;p=19247"},"modified":"2024-02-15T10:51:47","modified_gmt":"2024-02-15T09:51:47","slug":"11-zdarma-nano-sprej-proti-poskrabani-nanocoatingagent","status":"publish","type":"product","link":"https:\/\/cartium.eu\/cz\/produkt\/11-zdarma-nano-sprej-proti-poskrabani-nanocoatingagent\/","title":{"rendered":"1+1 ZDARMA Nano sprej proti po\u0161kr\u00e1b\u00e1n\u00ed \u2013 NanoCoatingAgent"},"content":{"rendered":"","protected":false},"excerpt":{"rendered":"<p>Univerz\u00e1ln\u00ed a efektivn\u00ed hydrofobn\u00ed povrchov\u00e1 n\u00e1t\u011br pro odstran\u011bn\u00ed \u0161kr\u00e1banc\u016f na va\u0161em aut\u011b v\u00e1m umo\u017en\u00ed absolutn\u011b praktick\u00e9 a snadn\u00e9 odstran\u011bn\u00ed, ani\u017e byste museli chodit do autolakovny nebo karos\u00e1rny, s maxim\u00e1ln\u00edm efektem lesku a trvanlivosti.<\/p>\n","protected":false},"featured_media":18208,"comment_status":"closed","ping_status":"closed","template":"","meta":{"inline_featured_image":false},"product_brand":[],"product_cat":[15,25,24],"product_tag":[],"class_list":{"0":"post-19247","1":"product","2":"type-product","3":"status-publish","4":"has-post-thumbnail","6":"product_cat-uncategorized","7":"product_cat-car","8":"product_cat-sale","10":"first","11":"instock","12":"sale","13":"taxable","14":"shipping-taxable","15":"purchasable","16":"product-type-simple"},"acf":[],"_links":{"self":[{"href":"https:\/\/cartium.eu\/cz\/wp-json\/wp\/v2\/product\/19247","targetHints":{"allow":["GET"]}}],"collection":[{"href":"https:\/\/cartium.eu\/cz\/wp-json\/wp\/v2\/product"}],"about":[{"href":"https:\/\/cartium.eu\/cz\/wp-json\/wp\/v2\/types\/product"}],"replies":[{"embeddable":true,"href":"https:\/\/cartium.eu\/cz\/wp-json\/wp\/v2\/comments?post=19247"}],"wp:featuredmedia":[{"embeddable":true,"href":"https:\/\/cartium.eu\/cz\/wp-json\/wp\/v2\/media\/18208"}],"wp:attachment":[{"href":"https:\/\/cartium.eu\/cz\/wp-json\/wp\/v2\/media?parent=19247"}],"wp:term":[{"taxonomy":"product_brand","embeddable":true,"href":"https:\/\/cartium.eu\/cz\/wp-json\/wp\/v2\/product_brand?post=19247"},{"taxonomy":"product_cat","embeddable":true,"href":"https:\/\/cartium.eu\/cz\/wp-json\/wp\/v2\/product_cat?post=19247"},{"taxonomy":"product_tag","embeddable":true,"href":"https:\/\/cartium.eu\/cz\/wp-json\/wp\/v2\/product_tag?post=19247"}],"curies":[{"name":"wp","href":"https:\/\/api.w.org\/{rel}","templated":true}]}}