{"id":19249,"date":"2024-02-15T11:53:46","date_gmt":"2024-02-15T10:53:46","guid":{"rendered":"https:\/\/cartium.eu\/cz\/?post_type=product&#038;p=19249"},"modified":"2024-02-15T14:29:35","modified_gmt":"2024-02-15T13:29:35","slug":"nastavitelny-racnovy-klic","status":"publish","type":"product","link":"https:\/\/cartium.eu\/cz\/produkt\/nastavitelny-racnovy-klic\/","title":{"rendered":"Nastaviteln\u00fd r\u00e1\u010dnov\u00fd kl\u00ed\u010d"},"content":{"rendered":"","protected":false},"excerpt":{"rendered":"<p>Vysok\u00fd to\u010div\u00fd moment a dobr\u00fd v\u00fdkon. Nastaviteln\u00fd n\u00e1stroj, kter\u00fd v\u00e1m zajist\u00ed kvalitn\u00ed pr\u00e1ci a u\u0161et\u0159\u00ed \u010das i energii!<\/p>\n","protected":false},"featured_media":19256,"comment_status":"closed","ping_status":"closed","template":"","meta":{"inline_featured_image":false},"product_brand":[],"product_cat":[15],"product_tag":[],"class_list":{"0":"post-19249","1":"product","2":"type-product","3":"status-publish","4":"has-post-thumbnail","6":"product_cat-uncategorized","8":"first","9":"instock","10":"sale","11":"taxable","12":"shipping-taxable","13":"purchasable","14":"product-type-simple"},"acf":[],"_links":{"self":[{"href":"https:\/\/cartium.eu\/cz\/wp-json\/wp\/v2\/product\/19249","targetHints":{"allow":["GET"]}}],"collection":[{"href":"https:\/\/cartium.eu\/cz\/wp-json\/wp\/v2\/product"}],"about":[{"href":"https:\/\/cartium.eu\/cz\/wp-json\/wp\/v2\/types\/product"}],"replies":[{"embeddable":true,"href":"https:\/\/cartium.eu\/cz\/wp-json\/wp\/v2\/comments?post=19249"}],"wp:featuredmedia":[{"embeddable":true,"href":"https:\/\/cartium.eu\/cz\/wp-json\/wp\/v2\/media\/19256"}],"wp:attachment":[{"href":"https:\/\/cartium.eu\/cz\/wp-json\/wp\/v2\/media?parent=19249"}],"wp:term":[{"taxonomy":"product_brand","embeddable":true,"href":"https:\/\/cartium.eu\/cz\/wp-json\/wp\/v2\/product_brand?post=19249"},{"taxonomy":"product_cat","embeddable":true,"href":"https:\/\/cartium.eu\/cz\/wp-json\/wp\/v2\/product_cat?post=19249"},{"taxonomy":"product_tag","embeddable":true,"href":"https:\/\/cartium.eu\/cz\/wp-json\/wp\/v2\/product_tag?post=19249"}],"curies":[{"name":"wp","href":"https:\/\/api.w.org\/{rel}","templated":true}]}}