{"id":19257,"date":"2024-02-15T13:00:25","date_gmt":"2024-02-15T12:00:25","guid":{"rendered":"https:\/\/cartium.eu\/cz\/?post_type=product&#038;p=19257"},"modified":"2024-02-15T14:28:42","modified_gmt":"2024-02-15T13:28:42","slug":"nastavitelna-pila-na-vetve","status":"publish","type":"product","link":"https:\/\/cartium.eu\/cz\/produkt\/nastavitelna-pila-na-vetve\/","title":{"rendered":"Nastaviteln\u00e1 pila na v\u011btve"},"content":{"rendered":"","protected":false},"excerpt":{"rendered":"<p>Tuto praktickou pilu lze slo\u017eit nebo prodlou\u017eit v z\u00e1vislosti na pot\u0159eb\u00e1ch \u0159ez\u00e1n\u00ed. P\u0159izp\u016fsobte jej konkr\u00e9tn\u00ed pr\u00e1ci, kterou d\u011bl\u00e1te!<\/p>\n","protected":false},"featured_media":19262,"comment_status":"closed","ping_status":"closed","template":"","meta":{"inline_featured_image":false},"product_brand":[],"product_cat":[15],"product_tag":[],"class_list":{"0":"post-19257","1":"product","2":"type-product","3":"status-publish","4":"has-post-thumbnail","6":"product_cat-uncategorized","8":"first","9":"instock","10":"sale","11":"taxable","12":"shipping-taxable","13":"purchasable","14":"product-type-simple"},"acf":[],"_links":{"self":[{"href":"https:\/\/cartium.eu\/cz\/wp-json\/wp\/v2\/product\/19257","targetHints":{"allow":["GET"]}}],"collection":[{"href":"https:\/\/cartium.eu\/cz\/wp-json\/wp\/v2\/product"}],"about":[{"href":"https:\/\/cartium.eu\/cz\/wp-json\/wp\/v2\/types\/product"}],"replies":[{"embeddable":true,"href":"https:\/\/cartium.eu\/cz\/wp-json\/wp\/v2\/comments?post=19257"}],"wp:featuredmedia":[{"embeddable":true,"href":"https:\/\/cartium.eu\/cz\/wp-json\/wp\/v2\/media\/19262"}],"wp:attachment":[{"href":"https:\/\/cartium.eu\/cz\/wp-json\/wp\/v2\/media?parent=19257"}],"wp:term":[{"taxonomy":"product_brand","embeddable":true,"href":"https:\/\/cartium.eu\/cz\/wp-json\/wp\/v2\/product_brand?post=19257"},{"taxonomy":"product_cat","embeddable":true,"href":"https:\/\/cartium.eu\/cz\/wp-json\/wp\/v2\/product_cat?post=19257"},{"taxonomy":"product_tag","embeddable":true,"href":"https:\/\/cartium.eu\/cz\/wp-json\/wp\/v2\/product_tag?post=19257"}],"curies":[{"name":"wp","href":"https:\/\/api.w.org\/{rel}","templated":true}]}}