{"id":19275,"date":"2024-02-16T11:48:05","date_gmt":"2024-02-16T10:48:05","guid":{"rendered":"https:\/\/cartium.eu\/cz\/?post_type=product&#038;p=19275"},"modified":"2024-02-16T12:50:31","modified_gmt":"2024-02-16T11:50:31","slug":"velky-vetruodolny-zapalovac-plamenu","status":"publish","type":"product","link":"https:\/\/cartium.eu\/cz\/produkt\/velky-vetruodolny-zapalovac-plamenu\/","title":{"rendered":"Velk\u00fd v\u011btruodoln\u00fd zapalova\u010d plamen\u016f"},"content":{"rendered":"","protected":false},"excerpt":{"rendered":"<p>V\u00edce\u00fa\u010delov\u00fd v\u00fdkonn\u00fd zapalova\u010d se siln\u00fdm plamenem je odoln\u00fd v\u016f\u010di v\u011btru a dal\u0161\u00edm pov\u011btrnostn\u00edm vliv\u016fm!<\/p>\n","protected":false},"featured_media":19277,"comment_status":"closed","ping_status":"closed","template":"","meta":{"inline_featured_image":false},"product_brand":[],"product_cat":[15],"product_tag":[],"class_list":{"0":"post-19275","1":"product","2":"type-product","3":"status-publish","4":"has-post-thumbnail","6":"product_cat-uncategorized","8":"first","9":"instock","10":"sale","11":"taxable","12":"shipping-taxable","13":"purchasable","14":"product-type-simple"},"acf":[],"_links":{"self":[{"href":"https:\/\/cartium.eu\/cz\/wp-json\/wp\/v2\/product\/19275","targetHints":{"allow":["GET"]}}],"collection":[{"href":"https:\/\/cartium.eu\/cz\/wp-json\/wp\/v2\/product"}],"about":[{"href":"https:\/\/cartium.eu\/cz\/wp-json\/wp\/v2\/types\/product"}],"replies":[{"embeddable":true,"href":"https:\/\/cartium.eu\/cz\/wp-json\/wp\/v2\/comments?post=19275"}],"wp:featuredmedia":[{"embeddable":true,"href":"https:\/\/cartium.eu\/cz\/wp-json\/wp\/v2\/media\/19277"}],"wp:attachment":[{"href":"https:\/\/cartium.eu\/cz\/wp-json\/wp\/v2\/media?parent=19275"}],"wp:term":[{"taxonomy":"product_brand","embeddable":true,"href":"https:\/\/cartium.eu\/cz\/wp-json\/wp\/v2\/product_brand?post=19275"},{"taxonomy":"product_cat","embeddable":true,"href":"https:\/\/cartium.eu\/cz\/wp-json\/wp\/v2\/product_cat?post=19275"},{"taxonomy":"product_tag","embeddable":true,"href":"https:\/\/cartium.eu\/cz\/wp-json\/wp\/v2\/product_tag?post=19275"}],"curies":[{"name":"wp","href":"https:\/\/api.w.org\/{rel}","templated":true}]}}