{"id":19281,"date":"2024-02-16T12:08:08","date_gmt":"2024-02-16T11:08:08","guid":{"rendered":"https:\/\/cartium.eu\/cz\/?post_type=product&#038;p=19281"},"modified":"2024-02-17T12:54:47","modified_gmt":"2024-02-17T11:54:47","slug":"skladaci-rybarsky-prut","status":"publish","type":"product","link":"https:\/\/cartium.eu\/cz\/produkt\/skladaci-rybarsky-prut\/","title":{"rendered":"Skl\u00e1dac\u00ed ryb\u00e1\u0159sk\u00fd prut"},"content":{"rendered":"","protected":false},"excerpt":{"rendered":"<p>Tento \u00fa\u017easn\u00fd skl\u00e1dac\u00ed ryb\u00e1\u0159sk\u00fd prut je dod\u00e1v\u00e1n s vestav\u011bn\u00fdm navij\u00e1kem a ve\u0161ker\u00fdm p\u0159\u00edslu\u0161enstv\u00edm, kter\u00e9 pot\u0159ebujete. Sta\u010d\u00ed rozlo\u017eit, nahodit a m\u016f\u017eete ryba\u0159it!<\/p>\n","protected":false},"featured_media":19290,"comment_status":"closed","ping_status":"closed","template":"","meta":{"inline_featured_image":false},"product_brand":[],"product_cat":[15],"product_tag":[],"class_list":{"0":"post-19281","1":"product","2":"type-product","3":"status-publish","4":"has-post-thumbnail","6":"product_cat-uncategorized","8":"first","9":"instock","10":"sale","11":"taxable","12":"shipping-taxable","13":"purchasable","14":"product-type-simple"},"acf":[],"_links":{"self":[{"href":"https:\/\/cartium.eu\/cz\/wp-json\/wp\/v2\/product\/19281","targetHints":{"allow":["GET"]}}],"collection":[{"href":"https:\/\/cartium.eu\/cz\/wp-json\/wp\/v2\/product"}],"about":[{"href":"https:\/\/cartium.eu\/cz\/wp-json\/wp\/v2\/types\/product"}],"replies":[{"embeddable":true,"href":"https:\/\/cartium.eu\/cz\/wp-json\/wp\/v2\/comments?post=19281"}],"wp:featuredmedia":[{"embeddable":true,"href":"https:\/\/cartium.eu\/cz\/wp-json\/wp\/v2\/media\/19290"}],"wp:attachment":[{"href":"https:\/\/cartium.eu\/cz\/wp-json\/wp\/v2\/media?parent=19281"}],"wp:term":[{"taxonomy":"product_brand","embeddable":true,"href":"https:\/\/cartium.eu\/cz\/wp-json\/wp\/v2\/product_brand?post=19281"},{"taxonomy":"product_cat","embeddable":true,"href":"https:\/\/cartium.eu\/cz\/wp-json\/wp\/v2\/product_cat?post=19281"},{"taxonomy":"product_tag","embeddable":true,"href":"https:\/\/cartium.eu\/cz\/wp-json\/wp\/v2\/product_tag?post=19281"}],"curies":[{"name":"wp","href":"https:\/\/api.w.org\/{rel}","templated":true}]}}