{"id":19327,"date":"2024-02-18T18:26:23","date_gmt":"2024-02-18T17:26:23","guid":{"rendered":"https:\/\/cartium.eu\/cz\/?post_type=product&#038;p=19327"},"modified":"2024-02-19T11:27:21","modified_gmt":"2024-02-19T10:27:21","slug":"3d-model-lidskeho-tela","status":"publish","type":"product","link":"https:\/\/cartium.eu\/cz\/produkt\/3d-model-lidskeho-tela\/","title":{"rendered":"3D model lidsk\u00e9ho t\u011bla"},"content":{"rendered":"","protected":false},"excerpt":{"rendered":"<p>Realistick\u00e9 zobrazen\u00ed lidsk\u00e9ho t\u011bla, kostry a vnit\u0159n\u00edch org\u00e1n\u016f p\u0159izp\u016fsoben\u00e9 d\u011btem a jejich snadn\u011bj\u0161\u00edmu pochopen\u00ed lidsk\u00e9 stavby.<\/p>\n","protected":false},"featured_media":19328,"comment_status":"closed","ping_status":"closed","template":"","meta":{"inline_featured_image":false},"product_brand":[],"product_cat":[15],"product_tag":[],"class_list":{"0":"post-19327","1":"product","2":"type-product","3":"status-publish","4":"has-post-thumbnail","6":"product_cat-uncategorized","8":"first","9":"instock","10":"sale","11":"taxable","12":"shipping-taxable","13":"purchasable","14":"product-type-simple"},"acf":[],"_links":{"self":[{"href":"https:\/\/cartium.eu\/cz\/wp-json\/wp\/v2\/product\/19327","targetHints":{"allow":["GET"]}}],"collection":[{"href":"https:\/\/cartium.eu\/cz\/wp-json\/wp\/v2\/product"}],"about":[{"href":"https:\/\/cartium.eu\/cz\/wp-json\/wp\/v2\/types\/product"}],"replies":[{"embeddable":true,"href":"https:\/\/cartium.eu\/cz\/wp-json\/wp\/v2\/comments?post=19327"}],"wp:featuredmedia":[{"embeddable":true,"href":"https:\/\/cartium.eu\/cz\/wp-json\/wp\/v2\/media\/19328"}],"wp:attachment":[{"href":"https:\/\/cartium.eu\/cz\/wp-json\/wp\/v2\/media?parent=19327"}],"wp:term":[{"taxonomy":"product_brand","embeddable":true,"href":"https:\/\/cartium.eu\/cz\/wp-json\/wp\/v2\/product_brand?post=19327"},{"taxonomy":"product_cat","embeddable":true,"href":"https:\/\/cartium.eu\/cz\/wp-json\/wp\/v2\/product_cat?post=19327"},{"taxonomy":"product_tag","embeddable":true,"href":"https:\/\/cartium.eu\/cz\/wp-json\/wp\/v2\/product_tag?post=19327"}],"curies":[{"name":"wp","href":"https:\/\/api.w.org\/{rel}","templated":true}]}}