{"id":19337,"date":"2024-02-19T07:40:14","date_gmt":"2024-02-19T06:40:14","guid":{"rendered":"https:\/\/cartium.eu\/cz\/?post_type=product&#038;p=19337"},"modified":"2024-02-19T11:27:21","modified_gmt":"2024-02-19T10:27:21","slug":"tichy-basketbal-2","status":"publish","type":"product","link":"https:\/\/cartium.eu\/cz\/produkt\/tichy-basketbal-2\/","title":{"rendered":"Tich\u00fd basketbal"},"content":{"rendered":"","protected":false},"excerpt":{"rendered":"<p>Tich\u00fd m\u00ed\u010d na hran\u00ed v byt\u011b nebo dom\u011b je ide\u00e1ln\u00ed pro spoustu z\u00e1bavy bez velk\u00e9ho hluku!<\/p>\n","protected":false},"featured_media":19344,"comment_status":"closed","ping_status":"closed","template":"","meta":{"inline_featured_image":false},"product_brand":[],"product_cat":[15],"product_tag":[],"class_list":{"0":"post-19337","1":"product","2":"type-product","3":"status-publish","4":"has-post-thumbnail","6":"product_cat-uncategorized","8":"first","9":"instock","10":"sale","11":"taxable","12":"shipping-taxable","13":"purchasable","14":"product-type-simple"},"acf":[],"_links":{"self":[{"href":"https:\/\/cartium.eu\/cz\/wp-json\/wp\/v2\/product\/19337","targetHints":{"allow":["GET"]}}],"collection":[{"href":"https:\/\/cartium.eu\/cz\/wp-json\/wp\/v2\/product"}],"about":[{"href":"https:\/\/cartium.eu\/cz\/wp-json\/wp\/v2\/types\/product"}],"replies":[{"embeddable":true,"href":"https:\/\/cartium.eu\/cz\/wp-json\/wp\/v2\/comments?post=19337"}],"wp:featuredmedia":[{"embeddable":true,"href":"https:\/\/cartium.eu\/cz\/wp-json\/wp\/v2\/media\/19344"}],"wp:attachment":[{"href":"https:\/\/cartium.eu\/cz\/wp-json\/wp\/v2\/media?parent=19337"}],"wp:term":[{"taxonomy":"product_brand","embeddable":true,"href":"https:\/\/cartium.eu\/cz\/wp-json\/wp\/v2\/product_brand?post=19337"},{"taxonomy":"product_cat","embeddable":true,"href":"https:\/\/cartium.eu\/cz\/wp-json\/wp\/v2\/product_cat?post=19337"},{"taxonomy":"product_tag","embeddable":true,"href":"https:\/\/cartium.eu\/cz\/wp-json\/wp\/v2\/product_tag?post=19337"}],"curies":[{"name":"wp","href":"https:\/\/api.w.org\/{rel}","templated":true}]}}