{"id":2029,"date":"2021-04-05T08:31:12","date_gmt":"2021-04-05T06:31:12","guid":{"rendered":"https:\/\/shopium.eu\/cz\/?post_type=product&#038;p=2029"},"modified":"2021-04-09T15:36:02","modified_gmt":"2021-04-09T13:36:02","slug":"vysoce-kvalitni-vyzinaci-nuz-grassd","status":"publish","type":"product","link":"https:\/\/cartium.eu\/cz\/produkt\/vysoce-kvalitni-vyzinaci-nuz-grassd\/","title":{"rendered":"Vysoce kvalitn\u00ed vy\u017e\u00ednac\u00ed n\u016f\u017e \u2013 Grassd"},"content":{"rendered":"","protected":false},"excerpt":{"rendered":"<p><span style=\"font-weight: 400;\">Velmi siln\u00fd a odoln\u00fd vy\u017e\u00ednac\u00ed n\u016f\u017e pro v\u0161echny typy vy\u017e\u00edna\u010d\u016f v\u00e1m umo\u017en\u00ed snadno a rychle sekat jak n\u00edzk\u00e9, tak vysok\u00e9, tvrd\u00e9 rostlinstvo bez jak\u00fdchkoliv pot\u00ed\u017e\u00ed.\u00a0<\/span><\/p>\n","protected":false},"featured_media":2030,"comment_status":"closed","ping_status":"closed","template":"","meta":{"inline_featured_image":false},"product_brand":[],"product_cat":[15],"product_tag":[],"class_list":{"0":"post-2029","1":"product","2":"type-product","3":"status-publish","4":"has-post-thumbnail","6":"product_cat-uncategorized","8":"first","9":"instock","10":"sale","11":"taxable","12":"shipping-taxable","13":"purchasable","14":"product-type-simple"},"acf":[],"_links":{"self":[{"href":"https:\/\/cartium.eu\/cz\/wp-json\/wp\/v2\/product\/2029","targetHints":{"allow":["GET"]}}],"collection":[{"href":"https:\/\/cartium.eu\/cz\/wp-json\/wp\/v2\/product"}],"about":[{"href":"https:\/\/cartium.eu\/cz\/wp-json\/wp\/v2\/types\/product"}],"replies":[{"embeddable":true,"href":"https:\/\/cartium.eu\/cz\/wp-json\/wp\/v2\/comments?post=2029"}],"wp:featuredmedia":[{"embeddable":true,"href":"https:\/\/cartium.eu\/cz\/wp-json\/wp\/v2\/media\/2030"}],"wp:attachment":[{"href":"https:\/\/cartium.eu\/cz\/wp-json\/wp\/v2\/media?parent=2029"}],"wp:term":[{"taxonomy":"product_brand","embeddable":true,"href":"https:\/\/cartium.eu\/cz\/wp-json\/wp\/v2\/product_brand?post=2029"},{"taxonomy":"product_cat","embeddable":true,"href":"https:\/\/cartium.eu\/cz\/wp-json\/wp\/v2\/product_cat?post=2029"},{"taxonomy":"product_tag","embeddable":true,"href":"https:\/\/cartium.eu\/cz\/wp-json\/wp\/v2\/product_tag?post=2029"}],"curies":[{"name":"wp","href":"https:\/\/api.w.org\/{rel}","templated":true}]}}