{"id":2038,"date":"2021-04-05T08:42:44","date_gmt":"2021-04-05T06:42:44","guid":{"rendered":"https:\/\/shopium.eu\/cz\/?post_type=product&#038;p=2038"},"modified":"2021-04-09T15:34:20","modified_gmt":"2021-04-09T13:34:20","slug":"magicka-bezdratova-nabijecka-magiczing","status":"publish","type":"product","link":"https:\/\/cartium.eu\/cz\/produkt\/magicka-bezdratova-nabijecka-magiczing\/","title":{"rendered":"Magick\u00e1 bezdr\u00e1tov\u00e1 nab\u00edje\u010dka \u2013 MagicZing"},"content":{"rendered":"","protected":false},"excerpt":{"rendered":"<p><span style=\"font-weight: 400;\">MagicZing magick\u00e1 bezdr\u00e1tov\u00e1 nab\u00edje\u010dka, d\u00edky n\u00ed\u017e se ka\u017ed\u00e9 nabit\u00ed va\u0161eho telefonu stane magick\u00fdm z\u00e1\u017eitkem s\u00a0\u00fa\u017easn\u00fdmi sv\u011bteln\u00fdmi efekty.<\/span><\/p>\n","protected":false},"featured_media":2039,"comment_status":"closed","ping_status":"closed","template":"","meta":{"inline_featured_image":false},"product_brand":[],"product_cat":[15],"product_tag":[],"class_list":{"0":"post-2038","1":"product","2":"type-product","3":"status-publish","4":"has-post-thumbnail","6":"product_cat-uncategorized","8":"first","9":"instock","10":"sale","11":"taxable","12":"shipping-taxable","13":"purchasable","14":"product-type-simple"},"acf":[],"_links":{"self":[{"href":"https:\/\/cartium.eu\/cz\/wp-json\/wp\/v2\/product\/2038","targetHints":{"allow":["GET"]}}],"collection":[{"href":"https:\/\/cartium.eu\/cz\/wp-json\/wp\/v2\/product"}],"about":[{"href":"https:\/\/cartium.eu\/cz\/wp-json\/wp\/v2\/types\/product"}],"replies":[{"embeddable":true,"href":"https:\/\/cartium.eu\/cz\/wp-json\/wp\/v2\/comments?post=2038"}],"wp:featuredmedia":[{"embeddable":true,"href":"https:\/\/cartium.eu\/cz\/wp-json\/wp\/v2\/media\/2039"}],"wp:attachment":[{"href":"https:\/\/cartium.eu\/cz\/wp-json\/wp\/v2\/media?parent=2038"}],"wp:term":[{"taxonomy":"product_brand","embeddable":true,"href":"https:\/\/cartium.eu\/cz\/wp-json\/wp\/v2\/product_brand?post=2038"},{"taxonomy":"product_cat","embeddable":true,"href":"https:\/\/cartium.eu\/cz\/wp-json\/wp\/v2\/product_cat?post=2038"},{"taxonomy":"product_tag","embeddable":true,"href":"https:\/\/cartium.eu\/cz\/wp-json\/wp\/v2\/product_tag?post=2038"}],"curies":[{"name":"wp","href":"https:\/\/api.w.org\/{rel}","templated":true}]}}