{"id":2048,"date":"2021-04-05T08:51:26","date_gmt":"2021-04-05T06:51:26","guid":{"rendered":"https:\/\/shopium.eu\/cz\/?post_type=product&#038;p=2048"},"modified":"2021-04-09T15:34:12","modified_gmt":"2021-04-09T13:34:12","slug":"rucni-krajec-na-ovoce-a-zeleninu-handyslicer","status":"publish","type":"product","link":"https:\/\/cartium.eu\/cz\/produkt\/rucni-krajec-na-ovoce-a-zeleninu-handyslicer\/","title":{"rendered":"Ru\u010dn\u00ed kr\u00e1je\u010d na ovoce a zeleninu \u2013 HandySlicer"},"content":{"rendered":"","protected":false},"excerpt":{"rendered":"<p><span style=\"font-weight: 400;\">Ru\u010dn\u00ed kr\u00e1je\u010d na podlouhl\u00e9 ovoce a zeleninu a dal\u0161\u00ed druhy t\u011bchto potravin v\u00e1m umo\u017en\u00ed sekat dvakr\u00e1t rychleji a snadn\u011bji na rovnom\u011brn\u00e9 a stejn\u00e9 \u010d\u00e1sti, n\u011bkolika pohyby rukou.<\/span><\/p>\n","protected":false},"featured_media":2049,"comment_status":"closed","ping_status":"closed","template":"","meta":{"inline_featured_image":false},"product_brand":[],"product_cat":[15],"product_tag":[],"class_list":{"0":"post-2048","1":"product","2":"type-product","3":"status-publish","4":"has-post-thumbnail","6":"product_cat-uncategorized","8":"first","9":"instock","10":"sale","11":"taxable","12":"shipping-taxable","13":"purchasable","14":"product-type-simple"},"acf":[],"_links":{"self":[{"href":"https:\/\/cartium.eu\/cz\/wp-json\/wp\/v2\/product\/2048","targetHints":{"allow":["GET"]}}],"collection":[{"href":"https:\/\/cartium.eu\/cz\/wp-json\/wp\/v2\/product"}],"about":[{"href":"https:\/\/cartium.eu\/cz\/wp-json\/wp\/v2\/types\/product"}],"replies":[{"embeddable":true,"href":"https:\/\/cartium.eu\/cz\/wp-json\/wp\/v2\/comments?post=2048"}],"wp:featuredmedia":[{"embeddable":true,"href":"https:\/\/cartium.eu\/cz\/wp-json\/wp\/v2\/media\/2049"}],"wp:attachment":[{"href":"https:\/\/cartium.eu\/cz\/wp-json\/wp\/v2\/media?parent=2048"}],"wp:term":[{"taxonomy":"product_brand","embeddable":true,"href":"https:\/\/cartium.eu\/cz\/wp-json\/wp\/v2\/product_brand?post=2048"},{"taxonomy":"product_cat","embeddable":true,"href":"https:\/\/cartium.eu\/cz\/wp-json\/wp\/v2\/product_cat?post=2048"},{"taxonomy":"product_tag","embeddable":true,"href":"https:\/\/cartium.eu\/cz\/wp-json\/wp\/v2\/product_tag?post=2048"}],"curies":[{"name":"wp","href":"https:\/\/api.w.org\/{rel}","templated":true}]}}