{"id":2062,"date":"2021-04-05T08:56:25","date_gmt":"2021-04-05T06:56:25","guid":{"rendered":"https:\/\/shopium.eu\/cz\/?post_type=product&#038;p=2062"},"modified":"2021-04-15T15:52:34","modified_gmt":"2021-04-15T13:52:34","slug":"3d-digitalni-hodiny-iclock","status":"publish","type":"product","link":"https:\/\/cartium.eu\/cz\/produkt\/3d-digitalni-hodiny-iclock\/","title":{"rendered":"3D digit\u00e1ln\u00ed hodiny \u2013 iClock"},"content":{"rendered":"","protected":false},"excerpt":{"rendered":"<p><span style=\"font-weight: 400;\">Modern\u00ed a elegantn\u00ed 3D digit\u00e1ln\u00ed hodiny, kter\u00e9 sv\u00fdm designem a funk\u010dnost\u00ed obohat\u00ed a zkr\u00e1\u0161l\u00ed v\u00e1\u0161 ka\u017edodenn\u00ed a obchodn\u00ed prostor.<\/span><\/p>\n","protected":false},"featured_media":2063,"comment_status":"closed","ping_status":"closed","template":"","meta":{"inline_featured_image":false},"product_brand":[],"product_cat":[15],"product_tag":[],"class_list":{"0":"post-2062","1":"product","2":"type-product","3":"status-publish","4":"has-post-thumbnail","6":"product_cat-uncategorized","8":"first","9":"instock","10":"sale","11":"taxable","12":"shipping-taxable","13":"purchasable","14":"product-type-simple"},"acf":[],"_links":{"self":[{"href":"https:\/\/cartium.eu\/cz\/wp-json\/wp\/v2\/product\/2062","targetHints":{"allow":["GET"]}}],"collection":[{"href":"https:\/\/cartium.eu\/cz\/wp-json\/wp\/v2\/product"}],"about":[{"href":"https:\/\/cartium.eu\/cz\/wp-json\/wp\/v2\/types\/product"}],"replies":[{"embeddable":true,"href":"https:\/\/cartium.eu\/cz\/wp-json\/wp\/v2\/comments?post=2062"}],"wp:featuredmedia":[{"embeddable":true,"href":"https:\/\/cartium.eu\/cz\/wp-json\/wp\/v2\/media\/2063"}],"wp:attachment":[{"href":"https:\/\/cartium.eu\/cz\/wp-json\/wp\/v2\/media?parent=2062"}],"wp:term":[{"taxonomy":"product_brand","embeddable":true,"href":"https:\/\/cartium.eu\/cz\/wp-json\/wp\/v2\/product_brand?post=2062"},{"taxonomy":"product_cat","embeddable":true,"href":"https:\/\/cartium.eu\/cz\/wp-json\/wp\/v2\/product_cat?post=2062"},{"taxonomy":"product_tag","embeddable":true,"href":"https:\/\/cartium.eu\/cz\/wp-json\/wp\/v2\/product_tag?post=2062"}],"curies":[{"name":"wp","href":"https:\/\/api.w.org\/{rel}","templated":true}]}}