{"id":2071,"date":"2021-04-05T09:06:31","date_gmt":"2021-04-05T07:06:31","guid":{"rendered":"https:\/\/shopium.eu\/cz\/?post_type=product&#038;p=2071"},"modified":"2021-04-09T15:33:54","modified_gmt":"2021-04-09T13:33:54","slug":"vidlicky-na-sekani-masa-forkfresh","status":"publish","type":"product","link":"https:\/\/cartium.eu\/cz\/produkt\/vidlicky-na-sekani-masa-forkfresh\/","title":{"rendered":"Vidli\u010dky na sek\u00e1n\u00ed masa \u2013 ForkFresh"},"content":{"rendered":"","protected":false},"excerpt":{"rendered":"<p><span style=\"font-weight: 400;\">ForkFresh speci\u00e1ln\u00ed vidli\u010dky na sek\u00e1n\u00ed masa sv\u00fdm designem a dokonal\u00fdmi \u010depelemi prom\u011bn\u00ed, b\u011bhem n\u011bkolika sekund, velk\u00fd a hork\u00fd kus masa na dokonale nasekan\u00e9 kousky.<\/span><\/p>\n","protected":false},"featured_media":2075,"comment_status":"closed","ping_status":"closed","template":"","meta":{"inline_featured_image":false},"product_brand":[],"product_cat":[15],"product_tag":[],"class_list":{"0":"post-2071","1":"product","2":"type-product","3":"status-publish","4":"has-post-thumbnail","6":"product_cat-uncategorized","8":"first","9":"instock","10":"sale","11":"taxable","12":"shipping-taxable","13":"purchasable","14":"product-type-simple"},"acf":[],"_links":{"self":[{"href":"https:\/\/cartium.eu\/cz\/wp-json\/wp\/v2\/product\/2071","targetHints":{"allow":["GET"]}}],"collection":[{"href":"https:\/\/cartium.eu\/cz\/wp-json\/wp\/v2\/product"}],"about":[{"href":"https:\/\/cartium.eu\/cz\/wp-json\/wp\/v2\/types\/product"}],"replies":[{"embeddable":true,"href":"https:\/\/cartium.eu\/cz\/wp-json\/wp\/v2\/comments?post=2071"}],"wp:featuredmedia":[{"embeddable":true,"href":"https:\/\/cartium.eu\/cz\/wp-json\/wp\/v2\/media\/2075"}],"wp:attachment":[{"href":"https:\/\/cartium.eu\/cz\/wp-json\/wp\/v2\/media?parent=2071"}],"wp:term":[{"taxonomy":"product_brand","embeddable":true,"href":"https:\/\/cartium.eu\/cz\/wp-json\/wp\/v2\/product_brand?post=2071"},{"taxonomy":"product_cat","embeddable":true,"href":"https:\/\/cartium.eu\/cz\/wp-json\/wp\/v2\/product_cat?post=2071"},{"taxonomy":"product_tag","embeddable":true,"href":"https:\/\/cartium.eu\/cz\/wp-json\/wp\/v2\/product_tag?post=2071"}],"curies":[{"name":"wp","href":"https:\/\/api.w.org\/{rel}","templated":true}]}}