{"id":2081,"date":"2021-04-05T09:11:03","date_gmt":"2021-04-05T07:11:03","guid":{"rendered":"https:\/\/shopium.eu\/cz\/?post_type=product&#038;p=2081"},"modified":"2021-04-09T15:33:47","modified_gmt":"2021-04-09T13:33:47","slug":"plocha-rucni-sprcha-flatmont","status":"publish","type":"product","link":"https:\/\/cartium.eu\/cz\/produkt\/plocha-rucni-sprcha-flatmont\/","title":{"rendered":"Ploch\u00e1 ru\u010dn\u00ed sprcha \u2013 FlatMont"},"content":{"rendered":"","protected":false},"excerpt":{"rendered":"<p><span style=\"font-weight: 400;\">Pocit\u00b4te ve sv\u00e9 koupeln\u011b neuv\u011b\u0159iteln\u00fd pocit jarn\u00edho de\u0161t\u011b s\u00a0velmi kvaltin\u00ed a \u0161irokou FlatMont ru\u010dn\u00ed sprchou, kter\u00e1 prom\u011bn\u00ed ka\u017edou sprchu v\u00a0dobrodru\u017estv\u00ed.<\/span><\/p>\n","protected":false},"featured_media":2083,"comment_status":"closed","ping_status":"closed","template":"","meta":{"inline_featured_image":false},"product_brand":[],"product_cat":[15],"product_tag":[],"class_list":{"0":"post-2081","1":"product","2":"type-product","3":"status-publish","4":"has-post-thumbnail","6":"product_cat-uncategorized","8":"first","9":"instock","10":"sale","11":"taxable","12":"shipping-taxable","13":"purchasable","14":"product-type-simple"},"acf":[],"_links":{"self":[{"href":"https:\/\/cartium.eu\/cz\/wp-json\/wp\/v2\/product\/2081","targetHints":{"allow":["GET"]}}],"collection":[{"href":"https:\/\/cartium.eu\/cz\/wp-json\/wp\/v2\/product"}],"about":[{"href":"https:\/\/cartium.eu\/cz\/wp-json\/wp\/v2\/types\/product"}],"replies":[{"embeddable":true,"href":"https:\/\/cartium.eu\/cz\/wp-json\/wp\/v2\/comments?post=2081"}],"wp:featuredmedia":[{"embeddable":true,"href":"https:\/\/cartium.eu\/cz\/wp-json\/wp\/v2\/media\/2083"}],"wp:attachment":[{"href":"https:\/\/cartium.eu\/cz\/wp-json\/wp\/v2\/media?parent=2081"}],"wp:term":[{"taxonomy":"product_brand","embeddable":true,"href":"https:\/\/cartium.eu\/cz\/wp-json\/wp\/v2\/product_brand?post=2081"},{"taxonomy":"product_cat","embeddable":true,"href":"https:\/\/cartium.eu\/cz\/wp-json\/wp\/v2\/product_cat?post=2081"},{"taxonomy":"product_tag","embeddable":true,"href":"https:\/\/cartium.eu\/cz\/wp-json\/wp\/v2\/product_tag?post=2081"}],"curies":[{"name":"wp","href":"https:\/\/api.w.org\/{rel}","templated":true}]}}