{"id":2092,"date":"2021-04-05T10:52:18","date_gmt":"2021-04-05T08:52:18","guid":{"rendered":"https:\/\/shopium.eu\/cz\/?post_type=product&#038;p=2092"},"modified":"2021-04-15T15:52:30","modified_gmt":"2021-04-15T13:52:30","slug":"prenosna-skladaci-zidle-porstool","status":"publish","type":"product","link":"https:\/\/cartium.eu\/cz\/produkt\/prenosna-skladaci-zidle-porstool\/","title":{"rendered":"P\u0159enosn\u00e1 skl\u00e1dac\u00ed \u017eidle &#8211; Porstool"},"content":{"rendered":"","protected":false},"excerpt":{"rendered":"<p>Takov\u00e1 \u017eidle se stane nezbytnou p\u0159i va\u0161ich outdoorov\u00fdch aktivit\u00e1ch, at\u00b4u\u017e jde o p\u011b\u0161\u00ed turistiku, ryba\u0159en\u00ed, kempov\u00e1n\u00ed atd., nebo ji jednodu\u0161e pot\u0159ebujete ve sv\u00e9 dom\u00e1cnosti.<\/p>\n","protected":false},"featured_media":2100,"comment_status":"closed","ping_status":"closed","template":"","meta":{"inline_featured_image":false},"product_brand":[],"product_cat":[15],"product_tag":[],"class_list":{"0":"post-2092","1":"product","2":"type-product","3":"status-publish","4":"has-post-thumbnail","6":"product_cat-uncategorized","8":"first","9":"instock","10":"sale","11":"taxable","12":"shipping-taxable","13":"purchasable","14":"product-type-simple"},"acf":[],"_links":{"self":[{"href":"https:\/\/cartium.eu\/cz\/wp-json\/wp\/v2\/product\/2092","targetHints":{"allow":["GET"]}}],"collection":[{"href":"https:\/\/cartium.eu\/cz\/wp-json\/wp\/v2\/product"}],"about":[{"href":"https:\/\/cartium.eu\/cz\/wp-json\/wp\/v2\/types\/product"}],"replies":[{"embeddable":true,"href":"https:\/\/cartium.eu\/cz\/wp-json\/wp\/v2\/comments?post=2092"}],"wp:featuredmedia":[{"embeddable":true,"href":"https:\/\/cartium.eu\/cz\/wp-json\/wp\/v2\/media\/2100"}],"wp:attachment":[{"href":"https:\/\/cartium.eu\/cz\/wp-json\/wp\/v2\/media?parent=2092"}],"wp:term":[{"taxonomy":"product_brand","embeddable":true,"href":"https:\/\/cartium.eu\/cz\/wp-json\/wp\/v2\/product_brand?post=2092"},{"taxonomy":"product_cat","embeddable":true,"href":"https:\/\/cartium.eu\/cz\/wp-json\/wp\/v2\/product_cat?post=2092"},{"taxonomy":"product_tag","embeddable":true,"href":"https:\/\/cartium.eu\/cz\/wp-json\/wp\/v2\/product_tag?post=2092"}],"curies":[{"name":"wp","href":"https:\/\/api.w.org\/{rel}","templated":true}]}}