{"id":2105,"date":"2021-04-05T11:05:31","date_gmt":"2021-04-05T09:05:31","guid":{"rendered":"https:\/\/shopium.eu\/cz\/?post_type=product&#038;p=2105"},"modified":"2021-04-15T15:51:54","modified_gmt":"2021-04-15T13:51:54","slug":"multifunkcni-mini-ventilator-fanqa","status":"publish","type":"product","link":"https:\/\/cartium.eu\/cz\/produkt\/multifunkcni-mini-ventilator-fanqa\/","title":{"rendered":"Multifunk\u010dn\u00ed mini ventil\u00e1tor &#8211; Fanqa"},"content":{"rendered":"","protected":false},"excerpt":{"rendered":"<p>Skv\u011bl\u00fd produkt se \u0161irokou \u0161k\u00e1lou aplikac\u00ed, kter\u00fd v\u00e1m pom\u016f\u017ee v ka\u017edodenn\u00edm \u017eivot\u011b, a je ide\u00e1ln\u00ed pro cestov\u00e1n\u00ed.<\/p>\n","protected":false},"featured_media":2116,"comment_status":"closed","ping_status":"closed","template":"","meta":{"inline_featured_image":false},"product_brand":[],"product_cat":[15],"product_tag":[],"class_list":{"0":"post-2105","1":"product","2":"type-product","3":"status-publish","4":"has-post-thumbnail","6":"product_cat-uncategorized","8":"first","9":"instock","10":"sale","11":"taxable","12":"shipping-taxable","13":"purchasable","14":"product-type-simple"},"acf":[],"_links":{"self":[{"href":"https:\/\/cartium.eu\/cz\/wp-json\/wp\/v2\/product\/2105","targetHints":{"allow":["GET"]}}],"collection":[{"href":"https:\/\/cartium.eu\/cz\/wp-json\/wp\/v2\/product"}],"about":[{"href":"https:\/\/cartium.eu\/cz\/wp-json\/wp\/v2\/types\/product"}],"replies":[{"embeddable":true,"href":"https:\/\/cartium.eu\/cz\/wp-json\/wp\/v2\/comments?post=2105"}],"wp:featuredmedia":[{"embeddable":true,"href":"https:\/\/cartium.eu\/cz\/wp-json\/wp\/v2\/media\/2116"}],"wp:attachment":[{"href":"https:\/\/cartium.eu\/cz\/wp-json\/wp\/v2\/media?parent=2105"}],"wp:term":[{"taxonomy":"product_brand","embeddable":true,"href":"https:\/\/cartium.eu\/cz\/wp-json\/wp\/v2\/product_brand?post=2105"},{"taxonomy":"product_cat","embeddable":true,"href":"https:\/\/cartium.eu\/cz\/wp-json\/wp\/v2\/product_cat?post=2105"},{"taxonomy":"product_tag","embeddable":true,"href":"https:\/\/cartium.eu\/cz\/wp-json\/wp\/v2\/product_tag?post=2105"}],"curies":[{"name":"wp","href":"https:\/\/api.w.org\/{rel}","templated":true}]}}