{"id":2117,"date":"2021-04-05T11:10:38","date_gmt":"2021-04-05T09:10:38","guid":{"rendered":"https:\/\/shopium.eu\/cz\/?post_type=product&#038;p=2117"},"modified":"2021-04-15T15:51:19","modified_gmt":"2021-04-15T13:51:19","slug":"led-zraloci-osvetleni-pro-automobily-carled","status":"publish","type":"product","link":"https:\/\/cartium.eu\/cz\/produkt\/led-zraloci-osvetleni-pro-automobily-carled\/","title":{"rendered":"LED \u017eralo\u010d\u00ed osv\u011btlen\u00ed pro automobily &#8211; Carled"},"content":{"rendered":"","protected":false},"excerpt":{"rendered":"<p>Super led osv\u011btlen\u00ed, kter\u00e9 v noci vypad\u00e1 ohromuj\u00edc\u00ed, zanech\u00e1v\u00e1 neuv\u011b\u0159iteln\u00fd vizu\u00e1ln\u00ed efekt a sv\u00edt\u00ed ve 4 r\u016fzn\u00fdch barv\u00e1ch.<\/p>\n","protected":false},"featured_media":2121,"comment_status":"closed","ping_status":"closed","template":"","meta":{"inline_featured_image":false},"product_brand":[],"product_cat":[15],"product_tag":[],"class_list":{"0":"post-2117","1":"product","2":"type-product","3":"status-publish","4":"has-post-thumbnail","6":"product_cat-uncategorized","8":"first","9":"instock","10":"sale","11":"taxable","12":"shipping-taxable","13":"purchasable","14":"product-type-simple"},"acf":[],"_links":{"self":[{"href":"https:\/\/cartium.eu\/cz\/wp-json\/wp\/v2\/product\/2117","targetHints":{"allow":["GET"]}}],"collection":[{"href":"https:\/\/cartium.eu\/cz\/wp-json\/wp\/v2\/product"}],"about":[{"href":"https:\/\/cartium.eu\/cz\/wp-json\/wp\/v2\/types\/product"}],"replies":[{"embeddable":true,"href":"https:\/\/cartium.eu\/cz\/wp-json\/wp\/v2\/comments?post=2117"}],"wp:featuredmedia":[{"embeddable":true,"href":"https:\/\/cartium.eu\/cz\/wp-json\/wp\/v2\/media\/2121"}],"wp:attachment":[{"href":"https:\/\/cartium.eu\/cz\/wp-json\/wp\/v2\/media?parent=2117"}],"wp:term":[{"taxonomy":"product_brand","embeddable":true,"href":"https:\/\/cartium.eu\/cz\/wp-json\/wp\/v2\/product_brand?post=2117"},{"taxonomy":"product_cat","embeddable":true,"href":"https:\/\/cartium.eu\/cz\/wp-json\/wp\/v2\/product_cat?post=2117"},{"taxonomy":"product_tag","embeddable":true,"href":"https:\/\/cartium.eu\/cz\/wp-json\/wp\/v2\/product_tag?post=2117"}],"curies":[{"name":"wp","href":"https:\/\/api.w.org\/{rel}","templated":true}]}}