{"id":2131,"date":"2021-04-05T11:16:03","date_gmt":"2021-04-05T09:16:03","guid":{"rendered":"https:\/\/shopium.eu\/cz\/?post_type=product&#038;p=2131"},"modified":"2021-04-15T15:50:43","modified_gmt":"2021-04-15T13:50:43","slug":"jemny-kartac-na-vlasy-brushsy","status":"publish","type":"product","link":"https:\/\/cartium.eu\/cz\/produkt\/jemny-kartac-na-vlasy-brushsy\/","title":{"rendered":"Jemn\u00fd kart\u00e1\u010d na vlasy &#8211; Brushsy"},"content":{"rendered":"","protected":false},"excerpt":{"rendered":"<p>Inovativn\u00ed kart\u00e1\u010d, kter\u00fd je z\u00e1rove\u0148 jemn\u00fd a \u00fa\u010dinn\u00fd, se stane nejlep\u0161\u00edm p\u0159\u00edtelem leskl\u00fdch a zdrav\u00fdch vlas\u016f.<\/p>\n","protected":false},"featured_media":2134,"comment_status":"closed","ping_status":"closed","template":"","meta":{"inline_featured_image":false},"product_brand":[],"product_cat":[15],"product_tag":[],"class_list":{"0":"post-2131","1":"product","2":"type-product","3":"status-publish","4":"has-post-thumbnail","6":"product_cat-uncategorized","8":"first","9":"instock","10":"sale","11":"taxable","12":"shipping-taxable","13":"purchasable","14":"product-type-simple"},"acf":[],"_links":{"self":[{"href":"https:\/\/cartium.eu\/cz\/wp-json\/wp\/v2\/product\/2131","targetHints":{"allow":["GET"]}}],"collection":[{"href":"https:\/\/cartium.eu\/cz\/wp-json\/wp\/v2\/product"}],"about":[{"href":"https:\/\/cartium.eu\/cz\/wp-json\/wp\/v2\/types\/product"}],"replies":[{"embeddable":true,"href":"https:\/\/cartium.eu\/cz\/wp-json\/wp\/v2\/comments?post=2131"}],"wp:featuredmedia":[{"embeddable":true,"href":"https:\/\/cartium.eu\/cz\/wp-json\/wp\/v2\/media\/2134"}],"wp:attachment":[{"href":"https:\/\/cartium.eu\/cz\/wp-json\/wp\/v2\/media?parent=2131"}],"wp:term":[{"taxonomy":"product_brand","embeddable":true,"href":"https:\/\/cartium.eu\/cz\/wp-json\/wp\/v2\/product_brand?post=2131"},{"taxonomy":"product_cat","embeddable":true,"href":"https:\/\/cartium.eu\/cz\/wp-json\/wp\/v2\/product_cat?post=2131"},{"taxonomy":"product_tag","embeddable":true,"href":"https:\/\/cartium.eu\/cz\/wp-json\/wp\/v2\/product_tag?post=2131"}],"curies":[{"name":"wp","href":"https:\/\/api.w.org\/{rel}","templated":true}]}}