{"id":2143,"date":"2021-04-05T11:19:59","date_gmt":"2021-04-05T09:19:59","guid":{"rendered":"https:\/\/shopium.eu\/cz\/?post_type=product&#038;p=2143"},"modified":"2021-04-15T15:50:07","modified_gmt":"2021-04-15T13:50:07","slug":"kartac-na-vlasy-s-prirodnimi-stetinami-bristly","status":"publish","type":"product","link":"https:\/\/cartium.eu\/cz\/produkt\/kartac-na-vlasy-s-prirodnimi-stetinami-bristly\/","title":{"rendered":"Kart\u00e1\u010d na vlasy s p\u0159\u00edrodn\u00edmi \u0161t\u011btinami &#8211; Bristly"},"content":{"rendered":"","protected":false},"excerpt":{"rendered":"<p>Dos\u00e1hn\u011bte zdrav\u00fdch a vl\u00e1\u010dn\u00fdch vlas\u016f pomoc\u00ed tohoto inovativn\u00edho kart\u00e1\u010de, kter\u00fd v\u00e1s d\u00edky sv\u00fdmi p\u0159irozen\u00fdmi \u0161t\u011btinami nebude tahat a bude stimulovat lesk a r\u016fst va\u0161ich vlas\u016f pomoc\u00ed p\u0159\u00edrodn\u00edch olej\u016f.<\/p>\n","protected":false},"featured_media":2151,"comment_status":"closed","ping_status":"closed","template":"","meta":{"inline_featured_image":false},"product_brand":[],"product_cat":[15],"product_tag":[],"class_list":{"0":"post-2143","1":"product","2":"type-product","3":"status-publish","4":"has-post-thumbnail","6":"product_cat-uncategorized","8":"first","9":"instock","10":"sale","11":"taxable","12":"shipping-taxable","13":"purchasable","14":"product-type-simple"},"acf":[],"_links":{"self":[{"href":"https:\/\/cartium.eu\/cz\/wp-json\/wp\/v2\/product\/2143","targetHints":{"allow":["GET"]}}],"collection":[{"href":"https:\/\/cartium.eu\/cz\/wp-json\/wp\/v2\/product"}],"about":[{"href":"https:\/\/cartium.eu\/cz\/wp-json\/wp\/v2\/types\/product"}],"replies":[{"embeddable":true,"href":"https:\/\/cartium.eu\/cz\/wp-json\/wp\/v2\/comments?post=2143"}],"wp:featuredmedia":[{"embeddable":true,"href":"https:\/\/cartium.eu\/cz\/wp-json\/wp\/v2\/media\/2151"}],"wp:attachment":[{"href":"https:\/\/cartium.eu\/cz\/wp-json\/wp\/v2\/media?parent=2143"}],"wp:term":[{"taxonomy":"product_brand","embeddable":true,"href":"https:\/\/cartium.eu\/cz\/wp-json\/wp\/v2\/product_brand?post=2143"},{"taxonomy":"product_cat","embeddable":true,"href":"https:\/\/cartium.eu\/cz\/wp-json\/wp\/v2\/product_cat?post=2143"},{"taxonomy":"product_tag","embeddable":true,"href":"https:\/\/cartium.eu\/cz\/wp-json\/wp\/v2\/product_tag?post=2143"}],"curies":[{"name":"wp","href":"https:\/\/api.w.org\/{rel}","templated":true}]}}