{"id":2184,"date":"2021-04-08T11:26:27","date_gmt":"2021-04-08T09:26:27","guid":{"rendered":"https:\/\/shopium.eu\/cz\/?post_type=product&#038;p=2184"},"modified":"2021-04-08T11:29:20","modified_gmt":"2021-04-08T09:29:20","slug":"univerzalni-ponozky-pro-sportovce-a-horolezce-footwear","status":"publish","type":"product","link":"https:\/\/cartium.eu\/cz\/produkt\/univerzalni-ponozky-pro-sportovce-a-horolezce-footwear\/","title":{"rendered":"Univerz\u00e1ln\u00ed pono\u017eky pro sportovce a horolezce \u2013 FootWear"},"content":{"rendered":"","protected":false},"excerpt":{"rendered":"<p><span style=\"font-weight: 400;\">Nepropustn\u00e9, odoln\u00e9 a ultra lehk\u00e9 pono\u017eky pro sportovce v\u0161echny druhy sport\u016f a outdoorov\u00fdch aktivit, se kter\u00fdmi poc\u00edt\u00edte svobodu pohybu a lehkost, bez t\u011b\u017ek\u00e9 a nepohodln\u00e9 obuvi.<\/span><\/p>\n","protected":false},"featured_media":2186,"comment_status":"closed","ping_status":"closed","template":"","meta":{"inline_featured_image":false},"product_brand":[],"product_cat":[15],"product_tag":[],"class_list":{"0":"post-2184","1":"product","2":"type-product","3":"status-publish","4":"has-post-thumbnail","6":"product_cat-uncategorized","8":"first","9":"instock","10":"sale","11":"taxable","12":"shipping-taxable","13":"purchasable","14":"product-type-simple"},"acf":[],"_links":{"self":[{"href":"https:\/\/cartium.eu\/cz\/wp-json\/wp\/v2\/product\/2184","targetHints":{"allow":["GET"]}}],"collection":[{"href":"https:\/\/cartium.eu\/cz\/wp-json\/wp\/v2\/product"}],"about":[{"href":"https:\/\/cartium.eu\/cz\/wp-json\/wp\/v2\/types\/product"}],"replies":[{"embeddable":true,"href":"https:\/\/cartium.eu\/cz\/wp-json\/wp\/v2\/comments?post=2184"}],"wp:featuredmedia":[{"embeddable":true,"href":"https:\/\/cartium.eu\/cz\/wp-json\/wp\/v2\/media\/2186"}],"wp:attachment":[{"href":"https:\/\/cartium.eu\/cz\/wp-json\/wp\/v2\/media?parent=2184"}],"wp:term":[{"taxonomy":"product_brand","embeddable":true,"href":"https:\/\/cartium.eu\/cz\/wp-json\/wp\/v2\/product_brand?post=2184"},{"taxonomy":"product_cat","embeddable":true,"href":"https:\/\/cartium.eu\/cz\/wp-json\/wp\/v2\/product_cat?post=2184"},{"taxonomy":"product_tag","embeddable":true,"href":"https:\/\/cartium.eu\/cz\/wp-json\/wp\/v2\/product_tag?post=2184"}],"curies":[{"name":"wp","href":"https:\/\/api.w.org\/{rel}","templated":true}]}}