{"id":2185,"date":"2021-04-08T11:26:58","date_gmt":"2021-04-08T09:26:58","guid":{"rendered":"https:\/\/shopium.eu\/cz\/?post_type=product&#038;p=2185"},"modified":"2021-04-15T15:49:34","modified_gmt":"2021-04-15T13:49:34","slug":"vysoce-kvalitni-dalekohled-telescopiq","status":"publish","type":"product","link":"https:\/\/cartium.eu\/cz\/produkt\/vysoce-kvalitni-dalekohled-telescopiq\/","title":{"rendered":"Vysoce kvalitn\u00ed dalekohled &#8211; Telescopiq"},"content":{"rendered":"","protected":false},"excerpt":{"rendered":"<p>Vysoce kvalitn\u00ed dalekohled se stane va\u0161\u00edm nejlep\u0161\u00edm spojencem pro pobyt v p\u0159\u00edrod\u011b, jako je lov, turistika, placht\u011bn\u00ed a podobn\u011b.<\/p>\n","protected":false},"featured_media":2197,"comment_status":"closed","ping_status":"closed","template":"","meta":{"inline_featured_image":false},"product_brand":[],"product_cat":[15],"product_tag":[],"class_list":{"0":"post-2185","1":"product","2":"type-product","3":"status-publish","4":"has-post-thumbnail","6":"product_cat-uncategorized","8":"first","9":"instock","10":"sale","11":"taxable","12":"shipping-taxable","13":"purchasable","14":"product-type-simple"},"acf":[],"_links":{"self":[{"href":"https:\/\/cartium.eu\/cz\/wp-json\/wp\/v2\/product\/2185","targetHints":{"allow":["GET"]}}],"collection":[{"href":"https:\/\/cartium.eu\/cz\/wp-json\/wp\/v2\/product"}],"about":[{"href":"https:\/\/cartium.eu\/cz\/wp-json\/wp\/v2\/types\/product"}],"replies":[{"embeddable":true,"href":"https:\/\/cartium.eu\/cz\/wp-json\/wp\/v2\/comments?post=2185"}],"wp:featuredmedia":[{"embeddable":true,"href":"https:\/\/cartium.eu\/cz\/wp-json\/wp\/v2\/media\/2197"}],"wp:attachment":[{"href":"https:\/\/cartium.eu\/cz\/wp-json\/wp\/v2\/media?parent=2185"}],"wp:term":[{"taxonomy":"product_brand","embeddable":true,"href":"https:\/\/cartium.eu\/cz\/wp-json\/wp\/v2\/product_brand?post=2185"},{"taxonomy":"product_cat","embeddable":true,"href":"https:\/\/cartium.eu\/cz\/wp-json\/wp\/v2\/product_cat?post=2185"},{"taxonomy":"product_tag","embeddable":true,"href":"https:\/\/cartium.eu\/cz\/wp-json\/wp\/v2\/product_tag?post=2185"}],"curies":[{"name":"wp","href":"https:\/\/api.w.org\/{rel}","templated":true}]}}