{"id":2210,"date":"2021-04-08T11:43:39","date_gmt":"2021-04-08T09:43:39","guid":{"rendered":"https:\/\/shopium.eu\/cz\/?post_type=product&#038;p=2210"},"modified":"2021-04-15T15:48:37","modified_gmt":"2021-04-15T13:48:37","slug":"digitalni-skladaci-silikonova-klaviatura-compacthub","status":"publish","type":"product","link":"https:\/\/cartium.eu\/cz\/produkt\/digitalni-skladaci-silikonova-klaviatura-compacthub\/","title":{"rendered":"Digit\u00e1ln\u00ed skl\u00e1dac\u00ed silikonov\u00e1 klaviatura &#8211; Compacthub"},"content":{"rendered":"","protected":false},"excerpt":{"rendered":"<p>Vysoce kvalitn\u00ed a chyt\u0159e navr\u017een\u00e1 klaviatura je ur\u010dena nejen d\u011btem, ale v\u0161em, kte\u0159\u00ed se cht\u011bj\u00ed snadno nau\u010dit hr\u00e1t na klav\u00edr. M\u00e1 reproduktory a mo\u017enost z\u00e1znamu zvuku.<\/p>\n","protected":false},"featured_media":2212,"comment_status":"closed","ping_status":"closed","template":"","meta":{"inline_featured_image":false},"product_brand":[],"product_cat":[15],"product_tag":[],"class_list":{"0":"post-2210","1":"product","2":"type-product","3":"status-publish","4":"has-post-thumbnail","6":"product_cat-uncategorized","8":"first","9":"instock","10":"sale","11":"taxable","12":"shipping-taxable","13":"purchasable","14":"product-type-simple"},"acf":[],"_links":{"self":[{"href":"https:\/\/cartium.eu\/cz\/wp-json\/wp\/v2\/product\/2210","targetHints":{"allow":["GET"]}}],"collection":[{"href":"https:\/\/cartium.eu\/cz\/wp-json\/wp\/v2\/product"}],"about":[{"href":"https:\/\/cartium.eu\/cz\/wp-json\/wp\/v2\/types\/product"}],"replies":[{"embeddable":true,"href":"https:\/\/cartium.eu\/cz\/wp-json\/wp\/v2\/comments?post=2210"}],"wp:featuredmedia":[{"embeddable":true,"href":"https:\/\/cartium.eu\/cz\/wp-json\/wp\/v2\/media\/2212"}],"wp:attachment":[{"href":"https:\/\/cartium.eu\/cz\/wp-json\/wp\/v2\/media?parent=2210"}],"wp:term":[{"taxonomy":"product_brand","embeddable":true,"href":"https:\/\/cartium.eu\/cz\/wp-json\/wp\/v2\/product_brand?post=2210"},{"taxonomy":"product_cat","embeddable":true,"href":"https:\/\/cartium.eu\/cz\/wp-json\/wp\/v2\/product_cat?post=2210"},{"taxonomy":"product_tag","embeddable":true,"href":"https:\/\/cartium.eu\/cz\/wp-json\/wp\/v2\/product_tag?post=2210"}],"curies":[{"name":"wp","href":"https:\/\/api.w.org\/{rel}","templated":true}]}}