{"id":2230,"date":"2021-04-09T08:34:41","date_gmt":"2021-04-09T06:34:41","guid":{"rendered":"https:\/\/shopium.eu\/cz\/?post_type=product&#038;p=2230"},"modified":"2021-10-06T14:22:04","modified_gmt":"2021-10-06T12:22:04","slug":"takticke-vojenske-rukavice-glowesly","status":"publish","type":"product","link":"https:\/\/cartium.eu\/cz\/produkt\/takticke-vojenske-rukavice-glowesly\/","title":{"rendered":"Taktick\u00e9 vojensk\u00e9 rukavice \u2013 Glowesly"},"content":{"rendered":"<p>Perfektn\u00ed Touch Screen vojensk\u00e9 rukavice ide\u00e1ln\u00ed pro v\u0161echny druhy sport\u016f nebo pro r\u016fzn\u00e9 outdoorov\u00e9 aktivity, bez \u0161kr\u00e1banc\u016f, mod\u0159in nebo omrzlin.<\/p>\n","protected":false},"excerpt":{"rendered":"<p>Perfektn\u00ed Touch Screen vojensk\u00e9 rukavice ide\u00e1ln\u00ed pro v\u0161echny druhy sport\u016f nebo pro r\u016fzn\u00e9 outdoorov\u00e9 aktivity, bez \u0161kr\u00e1banc\u016f, mod\u0159in nebo omrzlin.<\/p>\n","protected":false},"featured_media":999,"comment_status":"closed","ping_status":"closed","template":"","meta":{"inline_featured_image":false},"product_brand":[],"product_cat":[15],"product_tag":[],"class_list":{"0":"post-2230","1":"product","2":"type-product","3":"status-publish","4":"has-post-thumbnail","6":"product_cat-uncategorized","8":"first","9":"instock","10":"sale","11":"taxable","12":"shipping-taxable","13":"purchasable","14":"product-type-simple"},"acf":[],"_links":{"self":[{"href":"https:\/\/cartium.eu\/cz\/wp-json\/wp\/v2\/product\/2230","targetHints":{"allow":["GET"]}}],"collection":[{"href":"https:\/\/cartium.eu\/cz\/wp-json\/wp\/v2\/product"}],"about":[{"href":"https:\/\/cartium.eu\/cz\/wp-json\/wp\/v2\/types\/product"}],"replies":[{"embeddable":true,"href":"https:\/\/cartium.eu\/cz\/wp-json\/wp\/v2\/comments?post=2230"}],"wp:featuredmedia":[{"embeddable":true,"href":"https:\/\/cartium.eu\/cz\/wp-json\/wp\/v2\/media\/999"}],"wp:attachment":[{"href":"https:\/\/cartium.eu\/cz\/wp-json\/wp\/v2\/media?parent=2230"}],"wp:term":[{"taxonomy":"product_brand","embeddable":true,"href":"https:\/\/cartium.eu\/cz\/wp-json\/wp\/v2\/product_brand?post=2230"},{"taxonomy":"product_cat","embeddable":true,"href":"https:\/\/cartium.eu\/cz\/wp-json\/wp\/v2\/product_cat?post=2230"},{"taxonomy":"product_tag","embeddable":true,"href":"https:\/\/cartium.eu\/cz\/wp-json\/wp\/v2\/product_tag?post=2230"}],"curies":[{"name":"wp","href":"https:\/\/api.w.org\/{rel}","templated":true}]}}