{"id":2233,"date":"2021-04-09T08:43:15","date_gmt":"2021-04-09T06:43:15","guid":{"rendered":"https:\/\/shopium.eu\/cz\/?post_type=product&#038;p=2233"},"modified":"2023-01-04T13:58:27","modified_gmt":"2023-01-04T12:58:27","slug":"izolacni-pasta-sealerpaste","status":"publish","type":"product","link":"https:\/\/cartium.eu\/cz\/produkt\/izolacni-pasta-sealerpaste\/","title":{"rendered":"Izola\u010dn\u00ed pasta \u2013 SealerPaste"},"content":{"rendered":"","protected":false},"excerpt":{"rendered":"<p>Dokonal\u00e1 vodot\u011bsn\u00e1 magick\u00e1 pasta bude siln\u00fdm izol\u00e1torem pou\u017eiteln\u00fdm na v\u0161echny povrchy ve va\u0161\u00ed dom\u00e1cnosti, dokonce i na mokr\u00e9 povrchy. Nem\u00e1 nep\u0159\u00edjemn\u00fd z\u00e1pach a m\u00e1 pigmenty proti \u017elut\u00fdm skvrn\u00e1m.<\/p>\n","protected":false},"featured_media":754,"comment_status":"closed","ping_status":"closed","template":"","meta":{"inline_featured_image":false},"product_brand":[],"product_cat":[15,27],"product_tag":[],"class_list":{"0":"post-2233","1":"product","2":"type-product","3":"status-publish","4":"has-post-thumbnail","6":"product_cat-uncategorized","7":"product_cat-home","9":"first","10":"instock","11":"sale","12":"taxable","13":"shipping-taxable","14":"purchasable","15":"product-type-simple"},"acf":[],"_links":{"self":[{"href":"https:\/\/cartium.eu\/cz\/wp-json\/wp\/v2\/product\/2233","targetHints":{"allow":["GET"]}}],"collection":[{"href":"https:\/\/cartium.eu\/cz\/wp-json\/wp\/v2\/product"}],"about":[{"href":"https:\/\/cartium.eu\/cz\/wp-json\/wp\/v2\/types\/product"}],"replies":[{"embeddable":true,"href":"https:\/\/cartium.eu\/cz\/wp-json\/wp\/v2\/comments?post=2233"}],"wp:featuredmedia":[{"embeddable":true,"href":"https:\/\/cartium.eu\/cz\/wp-json\/wp\/v2\/media\/754"}],"wp:attachment":[{"href":"https:\/\/cartium.eu\/cz\/wp-json\/wp\/v2\/media?parent=2233"}],"wp:term":[{"taxonomy":"product_brand","embeddable":true,"href":"https:\/\/cartium.eu\/cz\/wp-json\/wp\/v2\/product_brand?post=2233"},{"taxonomy":"product_cat","embeddable":true,"href":"https:\/\/cartium.eu\/cz\/wp-json\/wp\/v2\/product_cat?post=2233"},{"taxonomy":"product_tag","embeddable":true,"href":"https:\/\/cartium.eu\/cz\/wp-json\/wp\/v2\/product_tag?post=2233"}],"curies":[{"name":"wp","href":"https:\/\/api.w.org\/{rel}","templated":true}]}}