{"id":2373,"date":"2021-04-13T09:09:51","date_gmt":"2021-04-13T07:09:51","guid":{"rendered":"https:\/\/shopium.eu\/cz\/?post_type=product&#038;p=2373"},"modified":"2021-04-15T15:47:52","modified_gmt":"2021-04-15T13:47:52","slug":"push-up-leginy-damske-legup","status":"publish","type":"product","link":"https:\/\/cartium.eu\/cz\/produkt\/push-up-leginy-damske-legup\/","title":{"rendered":"Push up leg\u00edny (d\u00e1msk\u00e9) &#8211; Legup"},"content":{"rendered":"","protected":false},"excerpt":{"rendered":"<p>Leg\u00edny, kter\u00e9 vizu\u00e1ln\u011b zaokrouhl\u00ed a zpevn\u00ed h\u00fd\u017ed\u011b a nohy, a kter\u00e9 miluj\u00ed \u017eeny po cel\u00e9m sv\u011bt\u011b, at\u00b4u\u017e se v\u011bnuj\u00ed sportu nebo ka\u017edodenn\u00edm \u010dinnostem.<\/p>\n","protected":false},"featured_media":2378,"comment_status":"closed","ping_status":"closed","template":"","meta":{"inline_featured_image":false},"product_brand":[],"product_cat":[15],"product_tag":[],"class_list":{"0":"post-2373","1":"product","2":"type-product","3":"status-publish","4":"has-post-thumbnail","6":"product_cat-uncategorized","8":"first","9":"instock","10":"sale","11":"taxable","12":"shipping-taxable","13":"purchasable","14":"product-type-simple"},"acf":[],"_links":{"self":[{"href":"https:\/\/cartium.eu\/cz\/wp-json\/wp\/v2\/product\/2373","targetHints":{"allow":["GET"]}}],"collection":[{"href":"https:\/\/cartium.eu\/cz\/wp-json\/wp\/v2\/product"}],"about":[{"href":"https:\/\/cartium.eu\/cz\/wp-json\/wp\/v2\/types\/product"}],"replies":[{"embeddable":true,"href":"https:\/\/cartium.eu\/cz\/wp-json\/wp\/v2\/comments?post=2373"}],"wp:featuredmedia":[{"embeddable":true,"href":"https:\/\/cartium.eu\/cz\/wp-json\/wp\/v2\/media\/2378"}],"wp:attachment":[{"href":"https:\/\/cartium.eu\/cz\/wp-json\/wp\/v2\/media?parent=2373"}],"wp:term":[{"taxonomy":"product_brand","embeddable":true,"href":"https:\/\/cartium.eu\/cz\/wp-json\/wp\/v2\/product_brand?post=2373"},{"taxonomy":"product_cat","embeddable":true,"href":"https:\/\/cartium.eu\/cz\/wp-json\/wp\/v2\/product_cat?post=2373"},{"taxonomy":"product_tag","embeddable":true,"href":"https:\/\/cartium.eu\/cz\/wp-json\/wp\/v2\/product_tag?post=2373"}],"curies":[{"name":"wp","href":"https:\/\/api.w.org\/{rel}","templated":true}]}}