{"id":2450,"date":"2021-04-13T18:49:18","date_gmt":"2021-04-13T16:49:18","guid":{"rendered":"https:\/\/shopium.eu\/cz\/?post_type=product&#038;p=2450"},"modified":"2021-04-13T18:54:17","modified_gmt":"2021-04-13T16:54:17","slug":"damske-leginy-s-kvetinovym-printem-vestics","status":"publish","type":"product","link":"https:\/\/cartium.eu\/cz\/produkt\/damske-leginy-s-kvetinovym-printem-vestics\/","title":{"rendered":"D\u00e1msk\u00e9 leg\u00edny s kv\u011btinov\u00fdm printem \u2013 Vestics"},"content":{"rendered":"","protected":false},"excerpt":{"rendered":"<p><span style=\"font-weight: 400;\">Inovativn\u00ed, ultralehk\u00e9 a super modern\u00ed d\u00e1msk\u00e9 leg\u00edny s\u00a0kv\u011btinov\u00fdmi vzory, ide\u00e1ln\u00ed pro jarn\u00ed a letn\u00ed obdob\u00ed, ve kter\u00fdch se ka\u017ed\u00e1 \u017eena bude c\u00edtit v\u00fdjime\u010dn\u011b.\u00a0<\/span><\/p>\n","protected":false},"featured_media":2454,"comment_status":"closed","ping_status":"closed","template":"","meta":{"inline_featured_image":false},"product_brand":[],"product_cat":[15],"product_tag":[],"class_list":{"0":"post-2450","1":"product","2":"type-product","3":"status-publish","4":"has-post-thumbnail","6":"product_cat-uncategorized","8":"first","9":"instock","10":"sale","11":"taxable","12":"shipping-taxable","13":"purchasable","14":"product-type-simple"},"acf":[],"_links":{"self":[{"href":"https:\/\/cartium.eu\/cz\/wp-json\/wp\/v2\/product\/2450","targetHints":{"allow":["GET"]}}],"collection":[{"href":"https:\/\/cartium.eu\/cz\/wp-json\/wp\/v2\/product"}],"about":[{"href":"https:\/\/cartium.eu\/cz\/wp-json\/wp\/v2\/types\/product"}],"replies":[{"embeddable":true,"href":"https:\/\/cartium.eu\/cz\/wp-json\/wp\/v2\/comments?post=2450"}],"wp:featuredmedia":[{"embeddable":true,"href":"https:\/\/cartium.eu\/cz\/wp-json\/wp\/v2\/media\/2454"}],"wp:attachment":[{"href":"https:\/\/cartium.eu\/cz\/wp-json\/wp\/v2\/media?parent=2450"}],"wp:term":[{"taxonomy":"product_brand","embeddable":true,"href":"https:\/\/cartium.eu\/cz\/wp-json\/wp\/v2\/product_brand?post=2450"},{"taxonomy":"product_cat","embeddable":true,"href":"https:\/\/cartium.eu\/cz\/wp-json\/wp\/v2\/product_cat?post=2450"},{"taxonomy":"product_tag","embeddable":true,"href":"https:\/\/cartium.eu\/cz\/wp-json\/wp\/v2\/product_tag?post=2450"}],"curies":[{"name":"wp","href":"https:\/\/api.w.org\/{rel}","templated":true}]}}