{"id":2461,"date":"2021-04-13T18:54:56","date_gmt":"2021-04-13T16:54:56","guid":{"rendered":"https:\/\/shopium.eu\/cz\/?post_type=product&#038;p=2461"},"modified":"2021-04-13T18:58:09","modified_gmt":"2021-04-13T16:58:09","slug":"tiskarna-na-nehty-iprinting","status":"publish","type":"product","link":"https:\/\/cartium.eu\/cz\/produkt\/tiskarna-na-nehty-iprinting\/","title":{"rendered":"Tisk\u00e1rna na nehty \u2013 IPrinting"},"content":{"rendered":"","protected":false},"excerpt":{"rendered":"<p><span style=\"font-weight: 400;\">IPrinting sada pro rychl\u00e9 a snadn\u00e9 kreslen\u00ed na nehty, v\u00e1m umo\u017en\u00ed uklizen\u00e9 a kr\u00e1sn\u00e9 nehty kdykoli bez nutnosti manik\u00fary.\u00a0<\/span><\/p>\n","protected":false},"featured_media":2467,"comment_status":"closed","ping_status":"closed","template":"","meta":{"inline_featured_image":false},"product_brand":[],"product_cat":[15],"product_tag":[],"class_list":{"0":"post-2461","1":"product","2":"type-product","3":"status-publish","4":"has-post-thumbnail","6":"product_cat-uncategorized","8":"first","9":"instock","10":"sale","11":"taxable","12":"shipping-taxable","13":"purchasable","14":"product-type-simple"},"acf":[],"_links":{"self":[{"href":"https:\/\/cartium.eu\/cz\/wp-json\/wp\/v2\/product\/2461","targetHints":{"allow":["GET"]}}],"collection":[{"href":"https:\/\/cartium.eu\/cz\/wp-json\/wp\/v2\/product"}],"about":[{"href":"https:\/\/cartium.eu\/cz\/wp-json\/wp\/v2\/types\/product"}],"replies":[{"embeddable":true,"href":"https:\/\/cartium.eu\/cz\/wp-json\/wp\/v2\/comments?post=2461"}],"wp:featuredmedia":[{"embeddable":true,"href":"https:\/\/cartium.eu\/cz\/wp-json\/wp\/v2\/media\/2467"}],"wp:attachment":[{"href":"https:\/\/cartium.eu\/cz\/wp-json\/wp\/v2\/media?parent=2461"}],"wp:term":[{"taxonomy":"product_brand","embeddable":true,"href":"https:\/\/cartium.eu\/cz\/wp-json\/wp\/v2\/product_brand?post=2461"},{"taxonomy":"product_cat","embeddable":true,"href":"https:\/\/cartium.eu\/cz\/wp-json\/wp\/v2\/product_cat?post=2461"},{"taxonomy":"product_tag","embeddable":true,"href":"https:\/\/cartium.eu\/cz\/wp-json\/wp\/v2\/product_tag?post=2461"}],"curies":[{"name":"wp","href":"https:\/\/api.w.org\/{rel}","templated":true}]}}