{"id":2470,"date":"2021-04-13T18:58:32","date_gmt":"2021-04-13T16:58:32","guid":{"rendered":"https:\/\/shopium.eu\/cz\/?post_type=product&#038;p=2470"},"modified":"2021-04-13T19:02:41","modified_gmt":"2021-04-13T17:02:41","slug":"sparovaci-sada-skillar","status":"publish","type":"product","link":"https:\/\/cartium.eu\/cz\/produkt\/sparovaci-sada-skillar\/","title":{"rendered":"Sp\u00e1rovac\u00ed sada \u2013 Skillar"},"content":{"rendered":"","protected":false},"excerpt":{"rendered":"<p><span style=\"font-weight: 400;\">Multifunk\u010dn\u00ed sada pro sp\u00e1rov\u00e1n\u00ed a odstra\u0148ov\u00e1n\u00ed silikonu je zcela praktick\u00e1 a snadn\u00e1 pro jemnou pr\u00e1ci ve va\u0161\u00ed koupeln\u011b nebo kuchyni, s\u00a0n\u00ed\u017e rychle z\u00edsk\u00e1te rovnom\u011brn\u00e9 a kr\u00e1sn\u00e9 sp\u00e1ry.<\/span><\/p>\n","protected":false},"featured_media":2471,"comment_status":"closed","ping_status":"closed","template":"","meta":{"inline_featured_image":false},"product_brand":[],"product_cat":[15],"product_tag":[],"class_list":{"0":"post-2470","1":"product","2":"type-product","3":"status-publish","4":"has-post-thumbnail","6":"product_cat-uncategorized","8":"first","9":"instock","10":"sale","11":"taxable","12":"shipping-taxable","13":"purchasable","14":"product-type-simple"},"acf":[],"_links":{"self":[{"href":"https:\/\/cartium.eu\/cz\/wp-json\/wp\/v2\/product\/2470","targetHints":{"allow":["GET"]}}],"collection":[{"href":"https:\/\/cartium.eu\/cz\/wp-json\/wp\/v2\/product"}],"about":[{"href":"https:\/\/cartium.eu\/cz\/wp-json\/wp\/v2\/types\/product"}],"replies":[{"embeddable":true,"href":"https:\/\/cartium.eu\/cz\/wp-json\/wp\/v2\/comments?post=2470"}],"wp:featuredmedia":[{"embeddable":true,"href":"https:\/\/cartium.eu\/cz\/wp-json\/wp\/v2\/media\/2471"}],"wp:attachment":[{"href":"https:\/\/cartium.eu\/cz\/wp-json\/wp\/v2\/media?parent=2470"}],"wp:term":[{"taxonomy":"product_brand","embeddable":true,"href":"https:\/\/cartium.eu\/cz\/wp-json\/wp\/v2\/product_brand?post=2470"},{"taxonomy":"product_cat","embeddable":true,"href":"https:\/\/cartium.eu\/cz\/wp-json\/wp\/v2\/product_cat?post=2470"},{"taxonomy":"product_tag","embeddable":true,"href":"https:\/\/cartium.eu\/cz\/wp-json\/wp\/v2\/product_tag?post=2470"}],"curies":[{"name":"wp","href":"https:\/\/api.w.org\/{rel}","templated":true}]}}