{"id":2478,"date":"2021-04-13T19:03:13","date_gmt":"2021-04-13T17:03:13","guid":{"rendered":"https:\/\/shopium.eu\/cz\/?post_type=product&#038;p=2478"},"modified":"2021-04-13T19:07:24","modified_gmt":"2021-04-13T17:07:24","slug":"flintova-souprava-pro-zapaleni-ohne-setcamp","status":"publish","type":"product","link":"https:\/\/cartium.eu\/cz\/produkt\/flintova-souprava-pro-zapaleni-ohne-setcamp\/","title":{"rendered":"Flintov\u00e1 souprava pro zap\u00e1len\u00ed ohn\u011b \u2013 SetCamp"},"content":{"rendered":"","protected":false},"excerpt":{"rendered":"<p><span style=\"font-weight: 400;\">SetCamp je sada flintu a ve\u0161ker\u00e9ho pot\u0159ebn\u00e9ho p\u0159\u00edslu\u0161enstv\u00ed pro zap\u00e1len\u00ed ohn\u011b v\u00a0situac\u00edch, kdy to pot\u0159ebujete a nem\u00e1te z\u00e1palky nebo zapalova\u010d.<\/span><\/p>\n","protected":false},"featured_media":2480,"comment_status":"closed","ping_status":"closed","template":"","meta":{"inline_featured_image":false},"product_brand":[],"product_cat":[15],"product_tag":[],"class_list":{"0":"post-2478","1":"product","2":"type-product","3":"status-publish","4":"has-post-thumbnail","6":"product_cat-uncategorized","8":"first","9":"instock","10":"sale","11":"taxable","12":"shipping-taxable","13":"purchasable","14":"product-type-simple"},"acf":[],"_links":{"self":[{"href":"https:\/\/cartium.eu\/cz\/wp-json\/wp\/v2\/product\/2478","targetHints":{"allow":["GET"]}}],"collection":[{"href":"https:\/\/cartium.eu\/cz\/wp-json\/wp\/v2\/product"}],"about":[{"href":"https:\/\/cartium.eu\/cz\/wp-json\/wp\/v2\/types\/product"}],"replies":[{"embeddable":true,"href":"https:\/\/cartium.eu\/cz\/wp-json\/wp\/v2\/comments?post=2478"}],"wp:featuredmedia":[{"embeddable":true,"href":"https:\/\/cartium.eu\/cz\/wp-json\/wp\/v2\/media\/2480"}],"wp:attachment":[{"href":"https:\/\/cartium.eu\/cz\/wp-json\/wp\/v2\/media?parent=2478"}],"wp:term":[{"taxonomy":"product_brand","embeddable":true,"href":"https:\/\/cartium.eu\/cz\/wp-json\/wp\/v2\/product_brand?post=2478"},{"taxonomy":"product_cat","embeddable":true,"href":"https:\/\/cartium.eu\/cz\/wp-json\/wp\/v2\/product_cat?post=2478"},{"taxonomy":"product_tag","embeddable":true,"href":"https:\/\/cartium.eu\/cz\/wp-json\/wp\/v2\/product_tag?post=2478"}],"curies":[{"name":"wp","href":"https:\/\/api.w.org\/{rel}","templated":true}]}}