{"id":2487,"date":"2021-04-13T19:08:22","date_gmt":"2021-04-13T17:08:22","guid":{"rendered":"https:\/\/shopium.eu\/cz\/?post_type=product&#038;p=2487"},"modified":"2021-04-13T19:12:14","modified_gmt":"2021-04-13T17:12:14","slug":"kvetinac-pro-rostliny-flowpuff","status":"publish","type":"product","link":"https:\/\/cartium.eu\/cz\/produkt\/kvetinac-pro-rostliny-flowpuff\/","title":{"rendered":"Kv\u011btin\u00e1\u010d pro rostliny \u2013 FlowPuff"},"content":{"rendered":"","protected":false},"excerpt":{"rendered":"<p><span style=\"font-weight: 400;\">Inovativn\u00ed zp\u016fsob p\u011bstov\u00e1n\u00ed a \u00fadr\u017eby va\u0161ich pokojov\u00fdch rostlin, s\u00a0t\u011bmito super inteligentn\u00edmi kv\u011btin\u00e1\u010di je v\u00edce ne\u017e skv\u011bl\u00e9, nechte sv\u00e9 rostliny a\u017e na n\u011bkolik t\u00fddn\u016f bez obav z\u00a0vyschnut\u00ed.\u00a0<\/span><\/p>\n","protected":false},"featured_media":2488,"comment_status":"closed","ping_status":"closed","template":"","meta":{"inline_featured_image":false},"product_brand":[],"product_cat":[15],"product_tag":[],"class_list":{"0":"post-2487","1":"product","2":"type-product","3":"status-publish","4":"has-post-thumbnail","6":"product_cat-uncategorized","8":"first","9":"instock","10":"sale","11":"taxable","12":"shipping-taxable","13":"purchasable","14":"product-type-simple"},"acf":[],"_links":{"self":[{"href":"https:\/\/cartium.eu\/cz\/wp-json\/wp\/v2\/product\/2487","targetHints":{"allow":["GET"]}}],"collection":[{"href":"https:\/\/cartium.eu\/cz\/wp-json\/wp\/v2\/product"}],"about":[{"href":"https:\/\/cartium.eu\/cz\/wp-json\/wp\/v2\/types\/product"}],"replies":[{"embeddable":true,"href":"https:\/\/cartium.eu\/cz\/wp-json\/wp\/v2\/comments?post=2487"}],"wp:featuredmedia":[{"embeddable":true,"href":"https:\/\/cartium.eu\/cz\/wp-json\/wp\/v2\/media\/2488"}],"wp:attachment":[{"href":"https:\/\/cartium.eu\/cz\/wp-json\/wp\/v2\/media?parent=2487"}],"wp:term":[{"taxonomy":"product_brand","embeddable":true,"href":"https:\/\/cartium.eu\/cz\/wp-json\/wp\/v2\/product_brand?post=2487"},{"taxonomy":"product_cat","embeddable":true,"href":"https:\/\/cartium.eu\/cz\/wp-json\/wp\/v2\/product_cat?post=2487"},{"taxonomy":"product_tag","embeddable":true,"href":"https:\/\/cartium.eu\/cz\/wp-json\/wp\/v2\/product_tag?post=2487"}],"curies":[{"name":"wp","href":"https:\/\/api.w.org\/{rel}","templated":true}]}}