{"id":260,"date":"2020-11-30T14:53:39","date_gmt":"2020-11-30T13:53:39","guid":{"rendered":"https:\/\/shopium.eu\/rs\/?post_type=product&#038;p=260"},"modified":"2021-04-02T14:23:15","modified_gmt":"2021-04-02T12:23:15","slug":"touchstrong","status":"publish","type":"product","link":"https:\/\/cartium.eu\/cz\/produkt\/touchstrong\/","title":{"rendered":"Taktick\u00e9 vojensk\u00e9 rukavice \u2013 TouchStrong"},"content":{"rendered":"<p>Perfektn\u00ed Touch Screen vojensk\u00e9 rukavice ide\u00e1ln\u00ed pro v\u0161echny druhy sport\u016f nebo pro r\u016fzn\u00e9 outdoorov\u00e9 aktivity, bez \u0161kr\u00e1banc\u016f, mod\u0159in nebo omrzlin.<\/p>\n","protected":false},"excerpt":{"rendered":"<p>Perfektn\u00ed Touch Screen vojensk\u00e9 rukavice ide\u00e1ln\u00ed pro v\u0161echny druhy sport\u016f nebo pro r\u016fzn\u00e9 outdoorov\u00e9 aktivity, bez \u0161kr\u00e1banc\u016f, mod\u0159in nebo omrzlin.<\/p>\n","protected":false},"featured_media":999,"comment_status":"closed","ping_status":"closed","template":"","meta":{"inline_featured_image":false},"product_brand":[],"product_cat":[15,25,27,24,35],"product_tag":[],"class_list":{"0":"post-260","1":"product","2":"type-product","3":"status-publish","4":"has-post-thumbnail","6":"product_cat-uncategorized","7":"product_cat-car","8":"product_cat-home","9":"product_cat-sale","10":"product_cat-fun","12":"first","13":"instock","14":"sale","15":"taxable","16":"shipping-taxable","17":"purchasable","18":"product-type-simple"},"acf":[],"_links":{"self":[{"href":"https:\/\/cartium.eu\/cz\/wp-json\/wp\/v2\/product\/260","targetHints":{"allow":["GET"]}}],"collection":[{"href":"https:\/\/cartium.eu\/cz\/wp-json\/wp\/v2\/product"}],"about":[{"href":"https:\/\/cartium.eu\/cz\/wp-json\/wp\/v2\/types\/product"}],"replies":[{"embeddable":true,"href":"https:\/\/cartium.eu\/cz\/wp-json\/wp\/v2\/comments?post=260"}],"wp:featuredmedia":[{"embeddable":true,"href":"https:\/\/cartium.eu\/cz\/wp-json\/wp\/v2\/media\/999"}],"wp:attachment":[{"href":"https:\/\/cartium.eu\/cz\/wp-json\/wp\/v2\/media?parent=260"}],"wp:term":[{"taxonomy":"product_brand","embeddable":true,"href":"https:\/\/cartium.eu\/cz\/wp-json\/wp\/v2\/product_brand?post=260"},{"taxonomy":"product_cat","embeddable":true,"href":"https:\/\/cartium.eu\/cz\/wp-json\/wp\/v2\/product_cat?post=260"},{"taxonomy":"product_tag","embeddable":true,"href":"https:\/\/cartium.eu\/cz\/wp-json\/wp\/v2\/product_tag?post=260"}],"curies":[{"name":"wp","href":"https:\/\/api.w.org\/{rel}","templated":true}]}}