{"id":2653,"date":"2021-04-15T15:33:51","date_gmt":"2021-04-15T13:33:51","guid":{"rendered":"https:\/\/shopium.eu\/cz\/?post_type=product&#038;p=2653"},"modified":"2021-04-15T15:53:04","modified_gmt":"2021-04-15T13:53:04","slug":"plazova-deka-blabeach","status":"publish","type":"product","link":"https:\/\/cartium.eu\/cz\/produkt\/plazova-deka-blabeach\/","title":{"rendered":"Pl\u00e1\u017eov\u00e1 deka &#8211; BlaBeach"},"content":{"rendered":"","protected":false},"excerpt":{"rendered":"<p>Ide\u00e1ln\u00ed deka \u2013 podlo\u017eka je neco co budete pot\u0159ebovat p\u0159i budouc\u00edch outdoorov\u00fdch aktivit\u00e1ch.<\/p>\n","protected":false},"featured_media":2670,"comment_status":"closed","ping_status":"closed","template":"","meta":{"inline_featured_image":false},"product_brand":[],"product_cat":[15],"product_tag":[],"class_list":{"0":"post-2653","1":"product","2":"type-product","3":"status-publish","4":"has-post-thumbnail","6":"product_cat-uncategorized","8":"first","9":"instock","10":"sale","11":"taxable","12":"shipping-taxable","13":"purchasable","14":"product-type-simple"},"acf":[],"_links":{"self":[{"href":"https:\/\/cartium.eu\/cz\/wp-json\/wp\/v2\/product\/2653","targetHints":{"allow":["GET"]}}],"collection":[{"href":"https:\/\/cartium.eu\/cz\/wp-json\/wp\/v2\/product"}],"about":[{"href":"https:\/\/cartium.eu\/cz\/wp-json\/wp\/v2\/types\/product"}],"replies":[{"embeddable":true,"href":"https:\/\/cartium.eu\/cz\/wp-json\/wp\/v2\/comments?post=2653"}],"wp:featuredmedia":[{"embeddable":true,"href":"https:\/\/cartium.eu\/cz\/wp-json\/wp\/v2\/media\/2670"}],"wp:attachment":[{"href":"https:\/\/cartium.eu\/cz\/wp-json\/wp\/v2\/media?parent=2653"}],"wp:term":[{"taxonomy":"product_brand","embeddable":true,"href":"https:\/\/cartium.eu\/cz\/wp-json\/wp\/v2\/product_brand?post=2653"},{"taxonomy":"product_cat","embeddable":true,"href":"https:\/\/cartium.eu\/cz\/wp-json\/wp\/v2\/product_cat?post=2653"},{"taxonomy":"product_tag","embeddable":true,"href":"https:\/\/cartium.eu\/cz\/wp-json\/wp\/v2\/product_tag?post=2653"}],"curies":[{"name":"wp","href":"https:\/\/api.w.org\/{rel}","templated":true}]}}