{"id":2682,"date":"2021-04-15T17:01:10","date_gmt":"2021-04-15T15:01:10","guid":{"rendered":"https:\/\/shopium.eu\/cz\/?post_type=product&#038;p=2682"},"modified":"2021-04-15T17:04:57","modified_gmt":"2021-04-15T15:04:57","slug":"flexibilni-nastavec-na-vrtacky-drilllike","status":"publish","type":"product","link":"https:\/\/cartium.eu\/cz\/produkt\/flexibilni-nastavec-na-vrtacky-drilllike\/","title":{"rendered":"Flexibiln\u00ed n\u00e1stavec na vrta\u010dky \u2013 DrillLike"},"content":{"rendered":"","protected":false},"excerpt":{"rendered":"<p><span style=\"font-weight: 400;\">DrillLike univerz\u00e1ln\u00ed magnetick\u00fd n\u00e1stavec pro v\u0161echny typy vrta\u010dek s\u00a0pohyblivou hlavou, kter\u00fdm snadno upevn\u00edte \u0161rouby na t\u011b\u017eko p\u0159\u00edstupn\u00fdch m\u00edstech v\u00a0roz\u00edch a podobn\u011b.\u00a0<\/span><\/p>\n","protected":false},"featured_media":2683,"comment_status":"closed","ping_status":"closed","template":"","meta":{"inline_featured_image":false},"product_brand":[],"product_cat":[15],"product_tag":[],"class_list":{"0":"post-2682","1":"product","2":"type-product","3":"status-publish","4":"has-post-thumbnail","6":"product_cat-uncategorized","8":"first","9":"instock","10":"sale","11":"taxable","12":"shipping-taxable","13":"purchasable","14":"product-type-simple"},"acf":[],"_links":{"self":[{"href":"https:\/\/cartium.eu\/cz\/wp-json\/wp\/v2\/product\/2682","targetHints":{"allow":["GET"]}}],"collection":[{"href":"https:\/\/cartium.eu\/cz\/wp-json\/wp\/v2\/product"}],"about":[{"href":"https:\/\/cartium.eu\/cz\/wp-json\/wp\/v2\/types\/product"}],"replies":[{"embeddable":true,"href":"https:\/\/cartium.eu\/cz\/wp-json\/wp\/v2\/comments?post=2682"}],"wp:featuredmedia":[{"embeddable":true,"href":"https:\/\/cartium.eu\/cz\/wp-json\/wp\/v2\/media\/2683"}],"wp:attachment":[{"href":"https:\/\/cartium.eu\/cz\/wp-json\/wp\/v2\/media?parent=2682"}],"wp:term":[{"taxonomy":"product_brand","embeddable":true,"href":"https:\/\/cartium.eu\/cz\/wp-json\/wp\/v2\/product_brand?post=2682"},{"taxonomy":"product_cat","embeddable":true,"href":"https:\/\/cartium.eu\/cz\/wp-json\/wp\/v2\/product_cat?post=2682"},{"taxonomy":"product_tag","embeddable":true,"href":"https:\/\/cartium.eu\/cz\/wp-json\/wp\/v2\/product_tag?post=2682"}],"curies":[{"name":"wp","href":"https:\/\/api.w.org\/{rel}","templated":true}]}}