{"id":2697,"date":"2021-04-15T17:49:41","date_gmt":"2021-04-15T15:49:41","guid":{"rendered":"https:\/\/shopium.eu\/cz\/?post_type=product&#038;p=2697"},"modified":"2021-04-15T17:53:38","modified_gmt":"2021-04-15T15:53:38","slug":"detska-sedacka-na-kolo-kidseat","status":"publish","type":"product","link":"https:\/\/cartium.eu\/cz\/produkt\/detska-sedacka-na-kolo-kidseat\/","title":{"rendered":"D\u011btsk\u00e1 seda\u010dka na kolo &#8211; KidSeat"},"content":{"rendered":"","protected":false},"excerpt":{"rendered":"<p>Ide\u00e1ln\u00ed v\u011bc pro nezapomenutelnou j\u00edzdu na kole, kterou si va\u0161e ratolesti u\u017eij\u00ed naplno, navr\u017eenou \u0161pi\u010dkov\u00fdmi cyklistick\u00fdmi odborn\u00edky.<\/p>\n","protected":false},"featured_media":2698,"comment_status":"closed","ping_status":"closed","template":"","meta":{"inline_featured_image":false},"product_brand":[],"product_cat":[15],"product_tag":[],"class_list":{"0":"post-2697","1":"product","2":"type-product","3":"status-publish","4":"has-post-thumbnail","6":"product_cat-uncategorized","8":"first","9":"instock","10":"sale","11":"taxable","12":"shipping-taxable","13":"purchasable","14":"product-type-simple"},"acf":[],"_links":{"self":[{"href":"https:\/\/cartium.eu\/cz\/wp-json\/wp\/v2\/product\/2697","targetHints":{"allow":["GET"]}}],"collection":[{"href":"https:\/\/cartium.eu\/cz\/wp-json\/wp\/v2\/product"}],"about":[{"href":"https:\/\/cartium.eu\/cz\/wp-json\/wp\/v2\/types\/product"}],"replies":[{"embeddable":true,"href":"https:\/\/cartium.eu\/cz\/wp-json\/wp\/v2\/comments?post=2697"}],"wp:featuredmedia":[{"embeddable":true,"href":"https:\/\/cartium.eu\/cz\/wp-json\/wp\/v2\/media\/2698"}],"wp:attachment":[{"href":"https:\/\/cartium.eu\/cz\/wp-json\/wp\/v2\/media?parent=2697"}],"wp:term":[{"taxonomy":"product_brand","embeddable":true,"href":"https:\/\/cartium.eu\/cz\/wp-json\/wp\/v2\/product_brand?post=2697"},{"taxonomy":"product_cat","embeddable":true,"href":"https:\/\/cartium.eu\/cz\/wp-json\/wp\/v2\/product_cat?post=2697"},{"taxonomy":"product_tag","embeddable":true,"href":"https:\/\/cartium.eu\/cz\/wp-json\/wp\/v2\/product_tag?post=2697"}],"curies":[{"name":"wp","href":"https:\/\/api.w.org\/{rel}","templated":true}]}}