{"id":2710,"date":"2021-04-15T17:54:42","date_gmt":"2021-04-15T15:54:42","guid":{"rendered":"https:\/\/shopium.eu\/cz\/?post_type=product&#038;p=2710"},"modified":"2021-04-15T18:00:09","modified_gmt":"2021-04-15T16:00:09","slug":"vzdelavaci-magneticke-bloky-pro-hrani-magblock","status":"publish","type":"product","link":"https:\/\/cartium.eu\/cz\/produkt\/vzdelavaci-magneticke-bloky-pro-hrani-magblock\/","title":{"rendered":"Vzd\u011bl\u00e1vac\u00ed magnetick\u00e9 bloky pro hran\u00ed &#8211; MagBlock"},"content":{"rendered":"","protected":false},"excerpt":{"rendered":"<p>Vzd\u011bl\u00e1vac\u00ed sada ur\u010den\u00e1 pro hol\u010di\u010dky a chlapce. M\u016f\u017eete si s d\u011btmi hr\u00e1t doma nebo venku. Pou\u017e\u00edv\u00e1 se tak\u00e9 pro \u0161koly a \u0161kolky.<\/p>\n","protected":false},"featured_media":2712,"comment_status":"closed","ping_status":"closed","template":"","meta":{"inline_featured_image":false},"product_brand":[],"product_cat":[15],"product_tag":[],"class_list":{"0":"post-2710","1":"product","2":"type-product","3":"status-publish","4":"has-post-thumbnail","6":"product_cat-uncategorized","8":"first","9":"instock","10":"sale","11":"taxable","12":"shipping-taxable","13":"purchasable","14":"product-type-simple"},"acf":[],"_links":{"self":[{"href":"https:\/\/cartium.eu\/cz\/wp-json\/wp\/v2\/product\/2710","targetHints":{"allow":["GET"]}}],"collection":[{"href":"https:\/\/cartium.eu\/cz\/wp-json\/wp\/v2\/product"}],"about":[{"href":"https:\/\/cartium.eu\/cz\/wp-json\/wp\/v2\/types\/product"}],"replies":[{"embeddable":true,"href":"https:\/\/cartium.eu\/cz\/wp-json\/wp\/v2\/comments?post=2710"}],"wp:featuredmedia":[{"embeddable":true,"href":"https:\/\/cartium.eu\/cz\/wp-json\/wp\/v2\/media\/2712"}],"wp:attachment":[{"href":"https:\/\/cartium.eu\/cz\/wp-json\/wp\/v2\/media?parent=2710"}],"wp:term":[{"taxonomy":"product_brand","embeddable":true,"href":"https:\/\/cartium.eu\/cz\/wp-json\/wp\/v2\/product_brand?post=2710"},{"taxonomy":"product_cat","embeddable":true,"href":"https:\/\/cartium.eu\/cz\/wp-json\/wp\/v2\/product_cat?post=2710"},{"taxonomy":"product_tag","embeddable":true,"href":"https:\/\/cartium.eu\/cz\/wp-json\/wp\/v2\/product_tag?post=2710"}],"curies":[{"name":"wp","href":"https:\/\/api.w.org\/{rel}","templated":true}]}}