{"id":2727,"date":"2021-04-15T18:47:38","date_gmt":"2021-04-15T16:47:38","guid":{"rendered":"https:\/\/shopium.eu\/cz\/?post_type=product&#038;p=2727"},"modified":"2021-04-15T18:53:49","modified_gmt":"2021-04-15T16:53:49","slug":"sos-tepelna-deka-sosket","status":"publish","type":"product","link":"https:\/\/cartium.eu\/cz\/produkt\/sos-tepelna-deka-sosket\/","title":{"rendered":"SOS tepeln\u00e1 deka &#8211; Sosket"},"content":{"rendered":"","protected":false},"excerpt":{"rendered":"<p>Tato sada by v\u00e1m m\u011bla b\u00fdt v ta\u0161ce, pokud pl\u00e1nujete pobyt v p\u0159\u00edrod\u011b, za nep\u0159edv\u00eddan\u00fdch okolnost\u00ed v\u00e1m poskytne pot\u0159ebnou ochranu.<\/p>\n","protected":false},"featured_media":2733,"comment_status":"closed","ping_status":"closed","template":"","meta":{"inline_featured_image":false},"product_brand":[],"product_cat":[15],"product_tag":[],"class_list":{"0":"post-2727","1":"product","2":"type-product","3":"status-publish","4":"has-post-thumbnail","6":"product_cat-uncategorized","8":"first","9":"instock","10":"sale","11":"taxable","12":"shipping-taxable","13":"purchasable","14":"product-type-simple"},"acf":[],"_links":{"self":[{"href":"https:\/\/cartium.eu\/cz\/wp-json\/wp\/v2\/product\/2727","targetHints":{"allow":["GET"]}}],"collection":[{"href":"https:\/\/cartium.eu\/cz\/wp-json\/wp\/v2\/product"}],"about":[{"href":"https:\/\/cartium.eu\/cz\/wp-json\/wp\/v2\/types\/product"}],"replies":[{"embeddable":true,"href":"https:\/\/cartium.eu\/cz\/wp-json\/wp\/v2\/comments?post=2727"}],"wp:featuredmedia":[{"embeddable":true,"href":"https:\/\/cartium.eu\/cz\/wp-json\/wp\/v2\/media\/2733"}],"wp:attachment":[{"href":"https:\/\/cartium.eu\/cz\/wp-json\/wp\/v2\/media?parent=2727"}],"wp:term":[{"taxonomy":"product_brand","embeddable":true,"href":"https:\/\/cartium.eu\/cz\/wp-json\/wp\/v2\/product_brand?post=2727"},{"taxonomy":"product_cat","embeddable":true,"href":"https:\/\/cartium.eu\/cz\/wp-json\/wp\/v2\/product_cat?post=2727"},{"taxonomy":"product_tag","embeddable":true,"href":"https:\/\/cartium.eu\/cz\/wp-json\/wp\/v2\/product_tag?post=2727"}],"curies":[{"name":"wp","href":"https:\/\/api.w.org\/{rel}","templated":true}]}}