{"id":2735,"date":"2021-04-15T18:55:40","date_gmt":"2021-04-15T16:55:40","guid":{"rendered":"https:\/\/shopium.eu\/cz\/?post_type=product&#038;p=2735"},"modified":"2021-04-15T18:58:33","modified_gmt":"2021-04-15T16:58:33","slug":"hreben-2v1-pro-zvlneni-a-narovnani-vlasu-hotcomb","status":"publish","type":"product","link":"https:\/\/cartium.eu\/cz\/produkt\/hreben-2v1-pro-zvlneni-a-narovnani-vlasu-hotcomb\/","title":{"rendered":"H\u0159eben 2v1 pro zvln\u011bn\u00ed a narovn\u00e1n\u00ed vlas\u016f &#8211; Hotcomb"},"content":{"rendered":"","protected":false},"excerpt":{"rendered":"<p>Dokonal\u00fd produkt, kter\u00fd uleh\u010d\u00ed ka\u017edodenn\u00ed pot\u00ed\u017ee s \u00fapravou vlas\u016f, ale tak\u00e9 produkt, kter\u00fd v\u00e1m pom\u016f\u017ee ud\u011blat slavnostn\u00ed \u00fa\u010des b\u011bhem n\u011bkolika tahy.<\/p>\n","protected":false},"featured_media":2736,"comment_status":"closed","ping_status":"closed","template":"","meta":{"inline_featured_image":false},"product_brand":[],"product_cat":[15],"product_tag":[],"class_list":{"0":"post-2735","1":"product","2":"type-product","3":"status-publish","4":"has-post-thumbnail","6":"product_cat-uncategorized","8":"first","9":"instock","10":"sale","11":"taxable","12":"shipping-taxable","13":"purchasable","14":"product-type-simple"},"acf":[],"_links":{"self":[{"href":"https:\/\/cartium.eu\/cz\/wp-json\/wp\/v2\/product\/2735","targetHints":{"allow":["GET"]}}],"collection":[{"href":"https:\/\/cartium.eu\/cz\/wp-json\/wp\/v2\/product"}],"about":[{"href":"https:\/\/cartium.eu\/cz\/wp-json\/wp\/v2\/types\/product"}],"replies":[{"embeddable":true,"href":"https:\/\/cartium.eu\/cz\/wp-json\/wp\/v2\/comments?post=2735"}],"wp:featuredmedia":[{"embeddable":true,"href":"https:\/\/cartium.eu\/cz\/wp-json\/wp\/v2\/media\/2736"}],"wp:attachment":[{"href":"https:\/\/cartium.eu\/cz\/wp-json\/wp\/v2\/media?parent=2735"}],"wp:term":[{"taxonomy":"product_brand","embeddable":true,"href":"https:\/\/cartium.eu\/cz\/wp-json\/wp\/v2\/product_brand?post=2735"},{"taxonomy":"product_cat","embeddable":true,"href":"https:\/\/cartium.eu\/cz\/wp-json\/wp\/v2\/product_cat?post=2735"},{"taxonomy":"product_tag","embeddable":true,"href":"https:\/\/cartium.eu\/cz\/wp-json\/wp\/v2\/product_tag?post=2735"}],"curies":[{"name":"wp","href":"https:\/\/api.w.org\/{rel}","templated":true}]}}