{"id":3057,"date":"2021-04-19T12:03:18","date_gmt":"2021-04-19T10:03:18","guid":{"rendered":"https:\/\/shopium.eu\/cz\/?post_type=product&#038;p=3057"},"modified":"2021-04-19T12:59:40","modified_gmt":"2021-04-19T10:59:40","slug":"hracka-na-vyrobu-bublin-dbubble","status":"publish","type":"product","link":"https:\/\/cartium.eu\/cz\/produkt\/hracka-na-vyrobu-bublin-dbubble\/","title":{"rendered":"Hra\u010dka na v\u00fdrobu bublin \u2013 Dbubble"},"content":{"rendered":"","protected":false},"excerpt":{"rendered":"<p>Pokud si vyberete jeden z roztomil\u00fdch tvar\u016f t\u011bchto super hra\u010dek vyroben\u00fdch z bambusu, ud\u011bl\u00e1te d\u011btem zvl\u00e1\u0161tn\u00ed druh z\u00e1bavy a udr\u017e\u00edte jejich pozornost po dlouhou dobu.<\/p>\n","protected":false},"featured_media":3063,"comment_status":"closed","ping_status":"closed","template":"","meta":{"inline_featured_image":false},"product_brand":[],"product_cat":[15],"product_tag":[],"class_list":{"0":"post-3057","1":"product","2":"type-product","3":"status-publish","4":"has-post-thumbnail","6":"product_cat-uncategorized","8":"first","9":"instock","10":"sale","11":"taxable","12":"shipping-taxable","13":"purchasable","14":"product-type-simple"},"acf":[],"_links":{"self":[{"href":"https:\/\/cartium.eu\/cz\/wp-json\/wp\/v2\/product\/3057","targetHints":{"allow":["GET"]}}],"collection":[{"href":"https:\/\/cartium.eu\/cz\/wp-json\/wp\/v2\/product"}],"about":[{"href":"https:\/\/cartium.eu\/cz\/wp-json\/wp\/v2\/types\/product"}],"replies":[{"embeddable":true,"href":"https:\/\/cartium.eu\/cz\/wp-json\/wp\/v2\/comments?post=3057"}],"wp:featuredmedia":[{"embeddable":true,"href":"https:\/\/cartium.eu\/cz\/wp-json\/wp\/v2\/media\/3063"}],"wp:attachment":[{"href":"https:\/\/cartium.eu\/cz\/wp-json\/wp\/v2\/media?parent=3057"}],"wp:term":[{"taxonomy":"product_brand","embeddable":true,"href":"https:\/\/cartium.eu\/cz\/wp-json\/wp\/v2\/product_brand?post=3057"},{"taxonomy":"product_cat","embeddable":true,"href":"https:\/\/cartium.eu\/cz\/wp-json\/wp\/v2\/product_cat?post=3057"},{"taxonomy":"product_tag","embeddable":true,"href":"https:\/\/cartium.eu\/cz\/wp-json\/wp\/v2\/product_tag?post=3057"}],"curies":[{"name":"wp","href":"https:\/\/api.w.org\/{rel}","templated":true}]}}