{"id":3072,"date":"2021-04-19T12:10:39","date_gmt":"2021-04-19T10:10:39","guid":{"rendered":"https:\/\/shopium.eu\/cz\/?post_type=product&#038;p=3072"},"modified":"2021-04-19T12:57:25","modified_gmt":"2021-04-19T10:57:25","slug":"krajec-na-testo-rollza","status":"publish","type":"product","link":"https:\/\/cartium.eu\/cz\/produkt\/krajec-na-testo-rollza\/","title":{"rendered":"Kr\u00e1je\u010d na t\u011bsto &#8211; Rollza"},"content":{"rendered":"","protected":false},"excerpt":{"rendered":"<p>Super kr\u00e1je\u010d pro profesion\u00e1ln\u00ed i dom\u00e1c\u00ed pou\u017eit\u00ed, usnadn\u00ed a zrychl\u00ed proces p\u0159\u00edpravy t\u011bstovin a r\u016fzn\u00fdch lah\u016fdek.<\/p>\n","protected":false},"featured_media":3074,"comment_status":"closed","ping_status":"closed","template":"","meta":{"inline_featured_image":false},"product_brand":[],"product_cat":[15],"product_tag":[],"class_list":{"0":"post-3072","1":"product","2":"type-product","3":"status-publish","4":"has-post-thumbnail","6":"product_cat-uncategorized","8":"first","9":"instock","10":"sale","11":"taxable","12":"shipping-taxable","13":"purchasable","14":"product-type-simple"},"acf":[],"_links":{"self":[{"href":"https:\/\/cartium.eu\/cz\/wp-json\/wp\/v2\/product\/3072","targetHints":{"allow":["GET"]}}],"collection":[{"href":"https:\/\/cartium.eu\/cz\/wp-json\/wp\/v2\/product"}],"about":[{"href":"https:\/\/cartium.eu\/cz\/wp-json\/wp\/v2\/types\/product"}],"replies":[{"embeddable":true,"href":"https:\/\/cartium.eu\/cz\/wp-json\/wp\/v2\/comments?post=3072"}],"wp:featuredmedia":[{"embeddable":true,"href":"https:\/\/cartium.eu\/cz\/wp-json\/wp\/v2\/media\/3074"}],"wp:attachment":[{"href":"https:\/\/cartium.eu\/cz\/wp-json\/wp\/v2\/media?parent=3072"}],"wp:term":[{"taxonomy":"product_brand","embeddable":true,"href":"https:\/\/cartium.eu\/cz\/wp-json\/wp\/v2\/product_brand?post=3072"},{"taxonomy":"product_cat","embeddable":true,"href":"https:\/\/cartium.eu\/cz\/wp-json\/wp\/v2\/product_cat?post=3072"},{"taxonomy":"product_tag","embeddable":true,"href":"https:\/\/cartium.eu\/cz\/wp-json\/wp\/v2\/product_tag?post=3072"}],"curies":[{"name":"wp","href":"https:\/\/api.w.org\/{rel}","templated":true}]}}