{"id":3073,"date":"2021-04-19T12:11:25","date_gmt":"2021-04-19T10:11:25","guid":{"rendered":"https:\/\/shopium.eu\/cz\/?post_type=product&#038;p=3073"},"modified":"2021-04-19T12:15:36","modified_gmt":"2021-04-19T10:15:36","slug":"3d-led-svetla-na-kolo-lumissed","status":"publish","type":"product","link":"https:\/\/cartium.eu\/cz\/produkt\/3d-led-svetla-na-kolo-lumissed\/","title":{"rendered":"3D LED sv\u011btla na kolo \u2013 Lumissed"},"content":{"rendered":"","protected":false},"excerpt":{"rendered":"<p><span style=\"font-weight: 400;\">Atraktivn\u00ed a super modern\u00ed 3D LED sv\u011btla pro va\u0161e kolo se super zaj\u00edmav\u00fdmi animacemi, u\u010din\u00ed ka\u017edou j\u00edzdu na kole nezapomenutelnou a ultra z\u00e1bavnou.<\/span><\/p>\n","protected":false},"featured_media":3089,"comment_status":"closed","ping_status":"closed","template":"","meta":{"inline_featured_image":false},"product_brand":[],"product_cat":[15],"product_tag":[],"class_list":{"0":"post-3073","1":"product","2":"type-product","3":"status-publish","4":"has-post-thumbnail","6":"product_cat-uncategorized","8":"first","9":"instock","10":"sale","11":"taxable","12":"shipping-taxable","13":"purchasable","14":"product-type-simple"},"acf":[],"_links":{"self":[{"href":"https:\/\/cartium.eu\/cz\/wp-json\/wp\/v2\/product\/3073","targetHints":{"allow":["GET"]}}],"collection":[{"href":"https:\/\/cartium.eu\/cz\/wp-json\/wp\/v2\/product"}],"about":[{"href":"https:\/\/cartium.eu\/cz\/wp-json\/wp\/v2\/types\/product"}],"replies":[{"embeddable":true,"href":"https:\/\/cartium.eu\/cz\/wp-json\/wp\/v2\/comments?post=3073"}],"wp:featuredmedia":[{"embeddable":true,"href":"https:\/\/cartium.eu\/cz\/wp-json\/wp\/v2\/media\/3089"}],"wp:attachment":[{"href":"https:\/\/cartium.eu\/cz\/wp-json\/wp\/v2\/media?parent=3073"}],"wp:term":[{"taxonomy":"product_brand","embeddable":true,"href":"https:\/\/cartium.eu\/cz\/wp-json\/wp\/v2\/product_brand?post=3073"},{"taxonomy":"product_cat","embeddable":true,"href":"https:\/\/cartium.eu\/cz\/wp-json\/wp\/v2\/product_cat?post=3073"},{"taxonomy":"product_tag","embeddable":true,"href":"https:\/\/cartium.eu\/cz\/wp-json\/wp\/v2\/product_tag?post=3073"}],"curies":[{"name":"wp","href":"https:\/\/api.w.org\/{rel}","templated":true}]}}