{"id":3092,"date":"2021-04-19T12:17:05","date_gmt":"2021-04-19T10:17:05","guid":{"rendered":"https:\/\/shopium.eu\/cz\/?post_type=product&#038;p=3092"},"modified":"2021-04-19T12:55:26","modified_gmt":"2021-04-19T10:55:26","slug":"cistici-hadr-s-rybimi-vzory-wrag","status":"publish","type":"product","link":"https:\/\/cartium.eu\/cz\/produkt\/cistici-hadr-s-rybimi-vzory-wrag\/","title":{"rendered":"\u010cistic\u00ed hadr s ryb\u00edmi vzory &#8211; Wrag"},"content":{"rendered":"","protected":false},"excerpt":{"rendered":"<p>Nezanech\u00e1vejte \u017e\u00e1dn\u00e9 stopy po \u010di\u0161t\u011bn\u00ed, chra\u0148te r\u016fzn\u00e9 povrchy a v\u017edy je udr\u017eujte z\u00e1\u0159iv\u011b \u010dist\u00e9 pomoc\u00ed tohoto super \u00fa\u010dinn\u00e9ho hadru.<\/p>\n","protected":false},"featured_media":3100,"comment_status":"closed","ping_status":"closed","template":"","meta":{"inline_featured_image":false},"product_brand":[],"product_cat":[15],"product_tag":[],"class_list":{"0":"post-3092","1":"product","2":"type-product","3":"status-publish","4":"has-post-thumbnail","6":"product_cat-uncategorized","8":"first","9":"instock","10":"sale","11":"taxable","12":"shipping-taxable","13":"purchasable","14":"product-type-simple"},"acf":[],"_links":{"self":[{"href":"https:\/\/cartium.eu\/cz\/wp-json\/wp\/v2\/product\/3092","targetHints":{"allow":["GET"]}}],"collection":[{"href":"https:\/\/cartium.eu\/cz\/wp-json\/wp\/v2\/product"}],"about":[{"href":"https:\/\/cartium.eu\/cz\/wp-json\/wp\/v2\/types\/product"}],"replies":[{"embeddable":true,"href":"https:\/\/cartium.eu\/cz\/wp-json\/wp\/v2\/comments?post=3092"}],"wp:featuredmedia":[{"embeddable":true,"href":"https:\/\/cartium.eu\/cz\/wp-json\/wp\/v2\/media\/3100"}],"wp:attachment":[{"href":"https:\/\/cartium.eu\/cz\/wp-json\/wp\/v2\/media?parent=3092"}],"wp:term":[{"taxonomy":"product_brand","embeddable":true,"href":"https:\/\/cartium.eu\/cz\/wp-json\/wp\/v2\/product_brand?post=3092"},{"taxonomy":"product_cat","embeddable":true,"href":"https:\/\/cartium.eu\/cz\/wp-json\/wp\/v2\/product_cat?post=3092"},{"taxonomy":"product_tag","embeddable":true,"href":"https:\/\/cartium.eu\/cz\/wp-json\/wp\/v2\/product_tag?post=3092"}],"curies":[{"name":"wp","href":"https:\/\/api.w.org\/{rel}","templated":true}]}}