{"id":3101,"date":"2021-04-19T12:20:09","date_gmt":"2021-04-19T10:20:09","guid":{"rendered":"https:\/\/shopium.eu\/cz\/?post_type=product&#038;p=3101"},"modified":"2021-04-19T12:24:40","modified_gmt":"2021-04-19T10:24:40","slug":"sada-rotujicich-sroubovaku-rotover","status":"publish","type":"product","link":"https:\/\/cartium.eu\/cz\/produkt\/sada-rotujicich-sroubovaku-rotover\/","title":{"rendered":"Sada rotuj\u00edc\u00edch \u0161roubov\u00e1k\u016f &#8211; Rotover"},"content":{"rendered":"","protected":false},"excerpt":{"rendered":"<p><span style=\"font-weight: 400;\">Sada \u0161roubov\u00e1k\u016f Rotover v\u00fdrazn\u011b usnadn\u00ed a zjednodu\u0161\u00ed ka\u017edou opravu a od\u0161roubov\u00e1n\u00ed \u0161roubu a matic, s\u00a0maxim\u00e1ln\u00ed \u00fasporou \u010dasu a pen\u011bz.<\/span><\/p>\n","protected":false},"featured_media":3104,"comment_status":"closed","ping_status":"closed","template":"","meta":{"inline_featured_image":false},"product_brand":[],"product_cat":[15],"product_tag":[],"class_list":{"0":"post-3101","1":"product","2":"type-product","3":"status-publish","4":"has-post-thumbnail","6":"product_cat-uncategorized","8":"first","9":"instock","10":"sale","11":"taxable","12":"shipping-taxable","13":"purchasable","14":"product-type-simple"},"acf":[],"_links":{"self":[{"href":"https:\/\/cartium.eu\/cz\/wp-json\/wp\/v2\/product\/3101","targetHints":{"allow":["GET"]}}],"collection":[{"href":"https:\/\/cartium.eu\/cz\/wp-json\/wp\/v2\/product"}],"about":[{"href":"https:\/\/cartium.eu\/cz\/wp-json\/wp\/v2\/types\/product"}],"replies":[{"embeddable":true,"href":"https:\/\/cartium.eu\/cz\/wp-json\/wp\/v2\/comments?post=3101"}],"wp:featuredmedia":[{"embeddable":true,"href":"https:\/\/cartium.eu\/cz\/wp-json\/wp\/v2\/media\/3104"}],"wp:attachment":[{"href":"https:\/\/cartium.eu\/cz\/wp-json\/wp\/v2\/media?parent=3101"}],"wp:term":[{"taxonomy":"product_brand","embeddable":true,"href":"https:\/\/cartium.eu\/cz\/wp-json\/wp\/v2\/product_brand?post=3101"},{"taxonomy":"product_cat","embeddable":true,"href":"https:\/\/cartium.eu\/cz\/wp-json\/wp\/v2\/product_cat?post=3101"},{"taxonomy":"product_tag","embeddable":true,"href":"https:\/\/cartium.eu\/cz\/wp-json\/wp\/v2\/product_tag?post=3101"}],"curies":[{"name":"wp","href":"https:\/\/api.w.org\/{rel}","templated":true}]}}