{"id":3102,"date":"2021-04-19T12:21:27","date_gmt":"2021-04-19T10:21:27","guid":{"rendered":"https:\/\/shopium.eu\/cz\/?post_type=product&#038;p=3102"},"modified":"2021-04-19T12:53:34","modified_gmt":"2021-04-19T10:53:34","slug":"hracka-na-vyrobu-bublin-sbubble","status":"publish","type":"product","link":"https:\/\/cartium.eu\/cz\/produkt\/hracka-na-vyrobu-bublin-sbubble\/","title":{"rendered":"Hra\u010dka na v\u00fdrobu bublin &#8211; Sbubble"},"content":{"rendered":"","protected":false},"excerpt":{"rendered":"<p>Pokud hled\u00e1te perfektn\u00ed d\u00e1rek k narozenin\u00e1m pro mal\u00e9ho chlapce nebo hol\u010di\u010dku, toto \u0161umiv\u00e9 p\u0159\u00edslu\u0161enstv\u00ed pro fouk\u00e1n\u00ed bublinek je zaru\u010den\u011b hitem mimo\u0159\u00e1dn\u00e9 z\u00e1bavy.<\/p>\n","protected":false},"featured_media":3114,"comment_status":"closed","ping_status":"closed","template":"","meta":{"inline_featured_image":false},"product_brand":[],"product_cat":[15],"product_tag":[],"class_list":{"0":"post-3102","1":"product","2":"type-product","3":"status-publish","4":"has-post-thumbnail","6":"product_cat-uncategorized","8":"first","9":"instock","10":"sale","11":"taxable","12":"shipping-taxable","13":"purchasable","14":"product-type-simple"},"acf":[],"_links":{"self":[{"href":"https:\/\/cartium.eu\/cz\/wp-json\/wp\/v2\/product\/3102","targetHints":{"allow":["GET"]}}],"collection":[{"href":"https:\/\/cartium.eu\/cz\/wp-json\/wp\/v2\/product"}],"about":[{"href":"https:\/\/cartium.eu\/cz\/wp-json\/wp\/v2\/types\/product"}],"replies":[{"embeddable":true,"href":"https:\/\/cartium.eu\/cz\/wp-json\/wp\/v2\/comments?post=3102"}],"wp:featuredmedia":[{"embeddable":true,"href":"https:\/\/cartium.eu\/cz\/wp-json\/wp\/v2\/media\/3114"}],"wp:attachment":[{"href":"https:\/\/cartium.eu\/cz\/wp-json\/wp\/v2\/media?parent=3102"}],"wp:term":[{"taxonomy":"product_brand","embeddable":true,"href":"https:\/\/cartium.eu\/cz\/wp-json\/wp\/v2\/product_brand?post=3102"},{"taxonomy":"product_cat","embeddable":true,"href":"https:\/\/cartium.eu\/cz\/wp-json\/wp\/v2\/product_cat?post=3102"},{"taxonomy":"product_tag","embeddable":true,"href":"https:\/\/cartium.eu\/cz\/wp-json\/wp\/v2\/product_tag?post=3102"}],"curies":[{"name":"wp","href":"https:\/\/api.w.org\/{rel}","templated":true}]}}