{"id":3118,"date":"2021-04-19T12:25:33","date_gmt":"2021-04-19T10:25:33","guid":{"rendered":"https:\/\/shopium.eu\/cz\/?post_type=product&#038;p=3118"},"modified":"2021-04-19T12:29:05","modified_gmt":"2021-04-19T10:29:05","slug":"unikatni-kostky-s-lebkami-squll","status":"publish","type":"product","link":"https:\/\/cartium.eu\/cz\/produkt\/unikatni-kostky-s-lebkami-squll\/","title":{"rendered":"Unik\u00e1tn\u00ed kostky s lebkami \u2013 Squll"},"content":{"rendered":"","protected":false},"excerpt":{"rendered":"<p><span style=\"font-weight: 400;\">Jedine\u010dn\u00e9 a super zaj\u00edmav\u00e9 kostky gotick\u00e9ho designu, kter\u00e9 maj\u00ed m\u00edsto te\u010dek roz\u0159ezan\u00e9 lebky, u\u010din\u00ed ka\u017edou hru monopolu, rizika nebo \u010dlov\u011b\u010de ne zlob se, mnohem z\u00e1bavn\u011bj\u0161\u00ed a zaj\u00edmav\u011bj\u0161\u00ed.<\/span><\/p>\n","protected":false},"featured_media":3124,"comment_status":"closed","ping_status":"closed","template":"","meta":{"inline_featured_image":false},"product_brand":[],"product_cat":[15],"product_tag":[],"class_list":{"0":"post-3118","1":"product","2":"type-product","3":"status-publish","4":"has-post-thumbnail","6":"product_cat-uncategorized","8":"first","9":"instock","10":"sale","11":"taxable","12":"shipping-taxable","13":"purchasable","14":"product-type-simple"},"acf":[],"_links":{"self":[{"href":"https:\/\/cartium.eu\/cz\/wp-json\/wp\/v2\/product\/3118","targetHints":{"allow":["GET"]}}],"collection":[{"href":"https:\/\/cartium.eu\/cz\/wp-json\/wp\/v2\/product"}],"about":[{"href":"https:\/\/cartium.eu\/cz\/wp-json\/wp\/v2\/types\/product"}],"replies":[{"embeddable":true,"href":"https:\/\/cartium.eu\/cz\/wp-json\/wp\/v2\/comments?post=3118"}],"wp:featuredmedia":[{"embeddable":true,"href":"https:\/\/cartium.eu\/cz\/wp-json\/wp\/v2\/media\/3124"}],"wp:attachment":[{"href":"https:\/\/cartium.eu\/cz\/wp-json\/wp\/v2\/media?parent=3118"}],"wp:term":[{"taxonomy":"product_brand","embeddable":true,"href":"https:\/\/cartium.eu\/cz\/wp-json\/wp\/v2\/product_brand?post=3118"},{"taxonomy":"product_cat","embeddable":true,"href":"https:\/\/cartium.eu\/cz\/wp-json\/wp\/v2\/product_cat?post=3118"},{"taxonomy":"product_tag","embeddable":true,"href":"https:\/\/cartium.eu\/cz\/wp-json\/wp\/v2\/product_tag?post=3118"}],"curies":[{"name":"wp","href":"https:\/\/api.w.org\/{rel}","templated":true}]}}