{"id":3120,"date":"2021-04-19T12:26:54","date_gmt":"2021-04-19T10:26:54","guid":{"rendered":"https:\/\/shopium.eu\/cz\/?post_type=product&#038;p=3120"},"modified":"2021-04-19T12:51:50","modified_gmt":"2021-04-19T10:51:50","slug":"nepromokave-takticke-kalhoty-tactory","status":"publish","type":"product","link":"https:\/\/cartium.eu\/cz\/produkt\/nepromokave-takticke-kalhoty-tactory\/","title":{"rendered":"Nepromokav\u00e9 taktick\u00e9 kalhoty &#8211; Tactory"},"content":{"rendered":"","protected":false},"excerpt":{"rendered":"<p>At\u00b4u\u017e lov\u00edte, jste na p\u011b\u0161\u00ed turistice, j\u00edzd\u011b na koni nebo pl\u00e1nujete akci specialist\u016f, tyto super kalhoty vydr\u017e\u00ed \u0161irokou \u0161k\u00e1lu podneb\u00ed a v\u00fdzev.<\/p>\n","protected":false},"featured_media":3134,"comment_status":"closed","ping_status":"closed","template":"","meta":{"inline_featured_image":false},"product_brand":[],"product_cat":[15],"product_tag":[],"class_list":{"0":"post-3120","1":"product","2":"type-product","3":"status-publish","4":"has-post-thumbnail","6":"product_cat-uncategorized","8":"first","9":"instock","10":"sale","11":"taxable","12":"shipping-taxable","13":"purchasable","14":"product-type-simple"},"acf":[],"_links":{"self":[{"href":"https:\/\/cartium.eu\/cz\/wp-json\/wp\/v2\/product\/3120","targetHints":{"allow":["GET"]}}],"collection":[{"href":"https:\/\/cartium.eu\/cz\/wp-json\/wp\/v2\/product"}],"about":[{"href":"https:\/\/cartium.eu\/cz\/wp-json\/wp\/v2\/types\/product"}],"replies":[{"embeddable":true,"href":"https:\/\/cartium.eu\/cz\/wp-json\/wp\/v2\/comments?post=3120"}],"wp:featuredmedia":[{"embeddable":true,"href":"https:\/\/cartium.eu\/cz\/wp-json\/wp\/v2\/media\/3134"}],"wp:attachment":[{"href":"https:\/\/cartium.eu\/cz\/wp-json\/wp\/v2\/media?parent=3120"}],"wp:term":[{"taxonomy":"product_brand","embeddable":true,"href":"https:\/\/cartium.eu\/cz\/wp-json\/wp\/v2\/product_brand?post=3120"},{"taxonomy":"product_cat","embeddable":true,"href":"https:\/\/cartium.eu\/cz\/wp-json\/wp\/v2\/product_cat?post=3120"},{"taxonomy":"product_tag","embeddable":true,"href":"https:\/\/cartium.eu\/cz\/wp-json\/wp\/v2\/product_tag?post=3120"}],"curies":[{"name":"wp","href":"https:\/\/api.w.org\/{rel}","templated":true}]}}